{"id":99915,"date":"2025-12-07T03:23:47","date_gmt":"2025-12-07T03:23:47","guid":{"rendered":"https:\/\/mmurbancouture.pt\/?post_type=product&#038;p=99915"},"modified":"2026-03-03T17:13:51","modified_gmt":"2026-03-03T17:13:51","slug":"calcas-chino-com-faixa-logo-em-strass","status":"publish","type":"product","link":"https:\/\/mmurbancouture.pt\/en\/product\/calcas-chino-com-faixa-logo-em-strass\/","title":{"rendered":"Cal\u00e7as chino com faixa logo em strass"},"content":{"rendered":"<div class=\"xs_social_share_widget xs_share_url after_content \t\tmain_content  wslu-style-1 wslu-share-box-shaped wslu-fill-colored wslu-none wslu-share-horizontal wslu-theme-font-no wslu-main_content\">\n\n\t\t\n        <ul>\n\t\t\t        <\/ul>\n    <\/div>","protected":false},"excerpt":{"rendered":"<p>Cal\u00e7as chino em tecido de algod\u00e3o com cintura el\u00e1stica adornada com logotipo em strass. Design de perna reta com bolsos laterais e detalhe de bolso traseiro. Perfeito para um visual casual e elegante.<\/p>","protected":false},"featured_media":99921,"comment_status":"open","ping_status":"closed","template":"","meta":[],"product_cat":[158,67],"product_tag":[],"woo-feed-brand":[],"class_list":{"0":"post-99915","1":"product","2":"type-product","3":"status-publish","4":"has-post-thumbnail","6":"product_brand-maite-by-cadademunt","7":"product_cat-calcas-e-calcoes","8":"product_cat-outono-inverno-2025","10":"first","11":"instock","12":"sale","13":"taxable","14":"shipping-taxable","15":"purchasable","16":"product-type-variable","17":"hongo-alternate-image-wrap"},"_links":{"self":[{"href":"https:\/\/mmurbancouture.pt\/en\/wp-json\/wp\/v2\/product\/99915","targetHints":{"allow":["GET"]}}],"collection":[{"href":"https:\/\/mmurbancouture.pt\/en\/wp-json\/wp\/v2\/product"}],"about":[{"href":"https:\/\/mmurbancouture.pt\/en\/wp-json\/wp\/v2\/types\/product"}],"replies":[{"embeddable":true,"href":"https:\/\/mmurbancouture.pt\/en\/wp-json\/wp\/v2\/comments?post=99915"}],"wp:featuredmedia":[{"embeddable":true,"href":"https:\/\/mmurbancouture.pt\/en\/wp-json\/wp\/v2\/media\/99921"}],"wp:attachment":[{"href":"https:\/\/mmurbancouture.pt\/en\/wp-json\/wp\/v2\/media?parent=99915"}],"wp:term":[{"taxonomy":"product_cat","embeddable":true,"href":"https:\/\/mmurbancouture.pt\/en\/wp-json\/wp\/v2\/product_cat?post=99915"},{"taxonomy":"product_tag","embeddable":true,"href":"https:\/\/mmurbancouture.pt\/en\/wp-json\/wp\/v2\/product_tag?post=99915"},{"taxonomy":"woo-feed-brand","embeddable":true,"href":"https:\/\/mmurbancouture.pt\/en\/wp-json\/wp\/v2\/woo-feed-brand?post=99915"}],"curies":[{"name":"wp","href":"https:\/\/api.w.org\/{rel}","templated":true}]}}