{"id":99801,"date":"2025-12-07T00:54:32","date_gmt":"2025-12-07T00:54:32","guid":{"rendered":"https:\/\/mmurbancouture.pt\/?post_type=product&#038;p=99801"},"modified":"2026-03-03T17:03:38","modified_gmt":"2026-03-03T17:03:38","slug":"moletom-com-abertura-em-ziper-e-detalhe-lateral","status":"publish","type":"product","link":"https:\/\/mmurbancouture.pt\/en\/product\/moletom-com-abertura-em-ziper-e-detalhe-lateral\/","title":{"rendered":"Moletom com abertura em ziper e detalhe lateral"},"content":{"rendered":"<div class=\"xs_social_share_widget xs_share_url after_content \t\tmain_content  wslu-style-1 wslu-share-box-shaped wslu-fill-colored wslu-none wslu-share-horizontal wslu-theme-font-no wslu-main_content\">\n\n\t\t\n        <ul>\n\t\t\t        <\/ul>\n    <\/div>","protected":false},"excerpt":{"rendered":"<p>Moletom de algod\u00e3o com z\u00edper frontal e detalhe lateral. Gola alta e logotipo bordado distintivo. Confort\u00e1vel para um visual casual di\u00e1rio.<\/p>","protected":false},"featured_media":99810,"comment_status":"open","ping_status":"closed","template":"","meta":[],"product_cat":[155,67],"product_tag":[],"woo-feed-brand":[],"class_list":{"0":"post-99801","1":"product","2":"type-product","3":"status-publish","4":"has-post-thumbnail","6":"product_brand-lolacasademunt","7":"product_cat-blazers-e-casacos","8":"product_cat-outono-inverno-2025","10":"first","11":"instock","12":"sale","13":"taxable","14":"shipping-taxable","15":"purchasable","16":"product-type-variable","17":"hongo-alternate-image-wrap"},"_links":{"self":[{"href":"https:\/\/mmurbancouture.pt\/en\/wp-json\/wp\/v2\/product\/99801","targetHints":{"allow":["GET"]}}],"collection":[{"href":"https:\/\/mmurbancouture.pt\/en\/wp-json\/wp\/v2\/product"}],"about":[{"href":"https:\/\/mmurbancouture.pt\/en\/wp-json\/wp\/v2\/types\/product"}],"replies":[{"embeddable":true,"href":"https:\/\/mmurbancouture.pt\/en\/wp-json\/wp\/v2\/comments?post=99801"}],"wp:featuredmedia":[{"embeddable":true,"href":"https:\/\/mmurbancouture.pt\/en\/wp-json\/wp\/v2\/media\/99810"}],"wp:attachment":[{"href":"https:\/\/mmurbancouture.pt\/en\/wp-json\/wp\/v2\/media?parent=99801"}],"wp:term":[{"taxonomy":"product_cat","embeddable":true,"href":"https:\/\/mmurbancouture.pt\/en\/wp-json\/wp\/v2\/product_cat?post=99801"},{"taxonomy":"product_tag","embeddable":true,"href":"https:\/\/mmurbancouture.pt\/en\/wp-json\/wp\/v2\/product_tag?post=99801"},{"taxonomy":"woo-feed-brand","embeddable":true,"href":"https:\/\/mmurbancouture.pt\/en\/wp-json\/wp\/v2\/woo-feed-brand?post=99801"}],"curies":[{"name":"wp","href":"https:\/\/api.w.org\/{rel}","templated":true}]}}