{"id":99674,"date":"2025-12-05T19:24:36","date_gmt":"2025-12-05T19:24:36","guid":{"rendered":"https:\/\/mmurbancouture.pt\/?post_type=product&#038;p=99674"},"modified":"2026-04-16T12:36:34","modified_gmt":"2026-04-16T12:36:34","slug":"blazer-com-padrao-animal-tartan","status":"publish","type":"product","link":"https:\/\/mmurbancouture.pt\/en\/product\/blazer-com-padrao-animal-tartan\/","title":{"rendered":"Blazer com padr\u00e3o animal tartan"},"content":{"rendered":"<div class=\"xs_social_share_widget xs_share_url after_content \t\tmain_content  wslu-style-1 wslu-share-box-shaped wslu-fill-colored wslu-none wslu-share-horizontal wslu-theme-font-no wslu-main_content\">\n\n\t\t\n        <ul>\n\t\t\t        <\/ul>\n    <\/div>","protected":false},"excerpt":{"rendered":"<p>Blazer ajustado em tecido tartan, com detalhes de estampa animal nas lapelas e nos punhos. Inclui log\u00f3tipo bordado no peito e fecho com bot\u00f5es met\u00e1licos dourados. Um design sofisticado que combina eleg\u00e2ncia e modernidade na perfei\u00e7\u00e3o<strong data-start=\"86\" data-end=\"324\">.<\/strong><\/p>","protected":false},"featured_media":101076,"comment_status":"open","ping_status":"closed","template":"","meta":[],"product_cat":[67,234],"product_tag":[],"woo-feed-brand":[],"class_list":{"0":"post-99674","1":"product","2":"type-product","3":"status-publish","4":"has-post-thumbnail","6":"product_brand-lolacasademunt","7":"product_cat-outono-inverno-2025","8":"product_cat-vestuario-outono-inverno-2025","10":"first","11":"instock","12":"sale","13":"taxable","14":"shipping-taxable","15":"purchasable","16":"product-type-variable","17":"hongo-alternate-image-wrap"},"_links":{"self":[{"href":"https:\/\/mmurbancouture.pt\/en\/wp-json\/wp\/v2\/product\/99674","targetHints":{"allow":["GET"]}}],"collection":[{"href":"https:\/\/mmurbancouture.pt\/en\/wp-json\/wp\/v2\/product"}],"about":[{"href":"https:\/\/mmurbancouture.pt\/en\/wp-json\/wp\/v2\/types\/product"}],"replies":[{"embeddable":true,"href":"https:\/\/mmurbancouture.pt\/en\/wp-json\/wp\/v2\/comments?post=99674"}],"wp:featuredmedia":[{"embeddable":true,"href":"https:\/\/mmurbancouture.pt\/en\/wp-json\/wp\/v2\/media\/101076"}],"wp:attachment":[{"href":"https:\/\/mmurbancouture.pt\/en\/wp-json\/wp\/v2\/media?parent=99674"}],"wp:term":[{"taxonomy":"product_cat","embeddable":true,"href":"https:\/\/mmurbancouture.pt\/en\/wp-json\/wp\/v2\/product_cat?post=99674"},{"taxonomy":"product_tag","embeddable":true,"href":"https:\/\/mmurbancouture.pt\/en\/wp-json\/wp\/v2\/product_tag?post=99674"},{"taxonomy":"woo-feed-brand","embeddable":true,"href":"https:\/\/mmurbancouture.pt\/en\/wp-json\/wp\/v2\/woo-feed-brand?post=99674"}],"curies":[{"name":"wp","href":"https:\/\/api.w.org\/{rel}","templated":true}]}}