{"id":99630,"date":"2025-12-05T10:59:22","date_gmt":"2025-12-05T10:59:22","guid":{"rendered":"https:\/\/mmurbancouture.pt\/?post_type=product&#038;p=99630"},"modified":"2026-04-16T12:52:10","modified_gmt":"2026-04-16T12:52:10","slug":"carteira-forrada-e-porta-chaves-lc-2","status":"publish","type":"product","link":"https:\/\/mmurbancouture.pt\/en\/product\/carteira-forrada-e-porta-chaves-lc-2\/","title":{"rendered":"Carteira forrada e porta chaves LC 2"},"content":{"rendered":"<p>Carteira e porta-chaves combinados, com forro interno exclusivo. Produzidos com materiais de elevada durabilidade, incluem fecho de press\u00e3o e detalhe em metal com o log\u00f3tipo. A escolha ideal para manter os seus essenciais organizados com eleg\u00e2ncia e estilo.<\/p>\n\n    <div class=\"xs_social_share_widget xs_share_url after_content \t\tmain_content  wslu-style-1 wslu-share-box-shaped wslu-fill-colored wslu-none wslu-share-horizontal wslu-theme-font-no wslu-main_content\">\n\n\t\t\n        <ul>\n\t\t\t        <\/ul>\n    <\/div>","protected":false},"excerpt":{"rendered":"<p>Carteira e porta-chaves combinados, com forro interno exclusivo. Produzidos com materiais de elevada durabilidade, incluem fecho de press\u00e3o e detalhe em metal com o log\u00f3tipo. A escolha ideal para manter os seus essenciais organizados com eleg\u00e2ncia e estilo.<\/p>","protected":false},"featured_media":99606,"comment_status":"open","ping_status":"closed","template":"","meta":[],"product_cat":[236,67],"product_tag":[],"woo-feed-brand":[],"class_list":{"0":"post-99630","1":"product","2":"type-product","3":"status-publish","4":"has-post-thumbnail","6":"product_brand-lolacasademunt","7":"product_cat-bolsas-outono-inverno-2025","8":"product_cat-outono-inverno-2025","10":"first","11":"instock","12":"sale","13":"taxable","14":"shipping-taxable","15":"purchasable","16":"product-type-simple","17":"hongo-alternate-image-wrap"},"_links":{"self":[{"href":"https:\/\/mmurbancouture.pt\/en\/wp-json\/wp\/v2\/product\/99630","targetHints":{"allow":["GET"]}}],"collection":[{"href":"https:\/\/mmurbancouture.pt\/en\/wp-json\/wp\/v2\/product"}],"about":[{"href":"https:\/\/mmurbancouture.pt\/en\/wp-json\/wp\/v2\/types\/product"}],"replies":[{"embeddable":true,"href":"https:\/\/mmurbancouture.pt\/en\/wp-json\/wp\/v2\/comments?post=99630"}],"wp:featuredmedia":[{"embeddable":true,"href":"https:\/\/mmurbancouture.pt\/en\/wp-json\/wp\/v2\/media\/99606"}],"wp:attachment":[{"href":"https:\/\/mmurbancouture.pt\/en\/wp-json\/wp\/v2\/media?parent=99630"}],"wp:term":[{"taxonomy":"product_cat","embeddable":true,"href":"https:\/\/mmurbancouture.pt\/en\/wp-json\/wp\/v2\/product_cat?post=99630"},{"taxonomy":"product_tag","embeddable":true,"href":"https:\/\/mmurbancouture.pt\/en\/wp-json\/wp\/v2\/product_tag?post=99630"},{"taxonomy":"woo-feed-brand","embeddable":true,"href":"https:\/\/mmurbancouture.pt\/en\/wp-json\/wp\/v2\/woo-feed-brand?post=99630"}],"curies":[{"name":"wp","href":"https:\/\/api.w.org\/{rel}","templated":true}]}}