{"id":103815,"date":"2026-04-18T13:50:30","date_gmt":"2026-04-18T13:50:30","guid":{"rendered":"https:\/\/mmurbancouture.pt\/?post_type=product&#038;p=103815"},"modified":"2026-04-18T13:50:55","modified_gmt":"2026-04-18T13:50:55","slug":"camisola-de-malha-em-ponto-aberto-e-relevos","status":"publish","type":"product","link":"https:\/\/mmurbancouture.pt\/en\/product\/camisola-de-malha-em-ponto-aberto-e-relevos\/","title":{"rendered":"Camisola de malha em ponto aberto e relevos"},"content":{"rendered":"<div class=\"xs_social_share_widget xs_share_url after_content \t\tmain_content  wslu-style-1 wslu-share-box-shaped wslu-fill-colored wslu-none wslu-share-horizontal wslu-theme-font-no wslu-main_content\">\n\n\t\t\n        <ul>\n\t\t\t        <\/ul>\n    <\/div>","protected":false},"excerpt":{"rendered":"<p>Adicione um toque de charme artesanal e conforto ao seu guarda-roupa com esta camisola de malha texturada. Num tom cr\u00fa intemporal, esta pe\u00e7a destaca-se pelos seus detalhes intrincados e pelo design funcional com bot\u00f5es laterais de madeira. Perfeita para sobreposi\u00e7\u00f5es em dias de primavera ou para um look descontra\u00eddo e sofisticado.<\/p>","protected":false},"featured_media":103819,"comment_status":"open","ping_status":"closed","template":"","meta":[],"product_cat":[180,231],"product_tag":[],"woo-feed-brand":[],"class_list":{"0":"post-103815","1":"product","2":"type-product","3":"status-publish","4":"has-post-thumbnail","6":"product_brand-montoto","7":"product_cat-novidades-primavera-verao-2026","8":"product_cat-vestuario","10":"first","11":"instock","12":"taxable","13":"shipping-taxable","14":"purchasable","15":"product-type-variable","16":"hongo-alternate-image-wrap"},"_links":{"self":[{"href":"https:\/\/mmurbancouture.pt\/en\/wp-json\/wp\/v2\/product\/103815","targetHints":{"allow":["GET"]}}],"collection":[{"href":"https:\/\/mmurbancouture.pt\/en\/wp-json\/wp\/v2\/product"}],"about":[{"href":"https:\/\/mmurbancouture.pt\/en\/wp-json\/wp\/v2\/types\/product"}],"replies":[{"embeddable":true,"href":"https:\/\/mmurbancouture.pt\/en\/wp-json\/wp\/v2\/comments?post=103815"}],"wp:featuredmedia":[{"embeddable":true,"href":"https:\/\/mmurbancouture.pt\/en\/wp-json\/wp\/v2\/media\/103819"}],"wp:attachment":[{"href":"https:\/\/mmurbancouture.pt\/en\/wp-json\/wp\/v2\/media?parent=103815"}],"wp:term":[{"taxonomy":"product_cat","embeddable":true,"href":"https:\/\/mmurbancouture.pt\/en\/wp-json\/wp\/v2\/product_cat?post=103815"},{"taxonomy":"product_tag","embeddable":true,"href":"https:\/\/mmurbancouture.pt\/en\/wp-json\/wp\/v2\/product_tag?post=103815"},{"taxonomy":"woo-feed-brand","embeddable":true,"href":"https:\/\/mmurbancouture.pt\/en\/wp-json\/wp\/v2\/woo-feed-brand?post=103815"}],"curies":[{"name":"wp","href":"https:\/\/api.w.org\/{rel}","templated":true}]}}