{"id":103772,"date":"2026-04-18T09:56:45","date_gmt":"2026-04-18T09:56:45","guid":{"rendered":"https:\/\/mmurbancouture.pt\/?post_type=product&#038;p=103772"},"modified":"2026-04-18T10:27:03","modified_gmt":"2026-04-18T10:27:03","slug":"cinto-bicolor-com-fivela-logo-lc","status":"publish","type":"product","link":"https:\/\/mmurbancouture.pt\/en\/product\/cinto-bicolor-com-fivela-logo-lc\/","title":{"rendered":"Cinto bicolor com fivela logo LC"},"content":{"rendered":"<div class=\"xs_social_share_widget xs_share_url after_content \t\tmain_content  wslu-style-1 wslu-share-box-shaped wslu-fill-colored wslu-none wslu-share-horizontal wslu-theme-font-no wslu-main_content\">\n\n\t\t\n        <ul>\n\t\t\t        <\/ul>\n    <\/div>","protected":false},"excerpt":{"rendered":"<p>Cinto elegante em tons de rosa e f\u00facsia, com fivela met\u00e1lica que tem o logo LC. Feito com materiais de alta qualidade, este acess\u00f3rio adiciona um toque vibrante a qualquer visual. Ajuste seguro e confort\u00e1vel.<\/p>","protected":false},"featured_media":103779,"comment_status":"open","ping_status":"closed","template":"","meta":[],"product_cat":[233,180],"product_tag":[],"woo-feed-brand":[],"class_list":{"0":"post-103772","1":"product","2":"type-product","3":"status-publish","4":"has-post-thumbnail","6":"product_brand-lolacasademunt","7":"product_cat-acessorios","8":"product_cat-novidades-primavera-verao-2026","10":"first","11":"instock","12":"taxable","13":"shipping-taxable","14":"purchasable","15":"product-type-variable","16":"hongo-alternate-image-wrap"},"_links":{"self":[{"href":"https:\/\/mmurbancouture.pt\/en\/wp-json\/wp\/v2\/product\/103772","targetHints":{"allow":["GET"]}}],"collection":[{"href":"https:\/\/mmurbancouture.pt\/en\/wp-json\/wp\/v2\/product"}],"about":[{"href":"https:\/\/mmurbancouture.pt\/en\/wp-json\/wp\/v2\/types\/product"}],"replies":[{"embeddable":true,"href":"https:\/\/mmurbancouture.pt\/en\/wp-json\/wp\/v2\/comments?post=103772"}],"wp:featuredmedia":[{"embeddable":true,"href":"https:\/\/mmurbancouture.pt\/en\/wp-json\/wp\/v2\/media\/103779"}],"wp:attachment":[{"href":"https:\/\/mmurbancouture.pt\/en\/wp-json\/wp\/v2\/media?parent=103772"}],"wp:term":[{"taxonomy":"product_cat","embeddable":true,"href":"https:\/\/mmurbancouture.pt\/en\/wp-json\/wp\/v2\/product_cat?post=103772"},{"taxonomy":"product_tag","embeddable":true,"href":"https:\/\/mmurbancouture.pt\/en\/wp-json\/wp\/v2\/product_tag?post=103772"},{"taxonomy":"woo-feed-brand","embeddable":true,"href":"https:\/\/mmurbancouture.pt\/en\/wp-json\/wp\/v2\/woo-feed-brand?post=103772"}],"curies":[{"name":"wp","href":"https:\/\/api.w.org\/{rel}","templated":true}]}}