{"id":103761,"date":"2026-04-18T09:42:48","date_gmt":"2026-04-18T09:42:48","guid":{"rendered":"https:\/\/mmurbancouture.pt\/?post_type=product&#038;p=103761"},"modified":"2026-04-18T10:27:47","modified_gmt":"2026-04-18T10:27:47","slug":"cinto-reversivel-com-fivela-de-logo-oval","status":"publish","type":"product","link":"https:\/\/mmurbancouture.pt\/en\/product\/cinto-reversivel-com-fivela-de-logo-oval\/","title":{"rendered":"Cinto revers\u00edvel com fivela de logo oval"},"content":{"rendered":"<div class=\"xs_social_share_widget xs_share_url after_content \t\tmain_content  wslu-style-1 wslu-share-box-shaped wslu-fill-colored wslu-none wslu-share-horizontal wslu-theme-font-no wslu-main_content\">\n\n\t\t\n        <ul>\n\t\t\t        <\/ul>\n    <\/div>","protected":false},"excerpt":{"rendered":"<p>Cinto revers\u00edvel elegante com fivela dourada de logo oval. Fabricado em material sint\u00e9tico de alta qualidade, oferece duas combina\u00e7\u00f5es de cores: preto e branco. Um acess\u00f3rio vers\u00e1til e chique para qualquer look.<\/p>","protected":false},"featured_media":103767,"comment_status":"open","ping_status":"closed","template":"","meta":[],"product_cat":[233,180],"product_tag":[],"woo-feed-brand":[],"class_list":{"0":"post-103761","1":"product","2":"type-product","3":"status-publish","4":"has-post-thumbnail","6":"product_brand-lolacasademunt","7":"product_cat-acessorios","8":"product_cat-novidades-primavera-verao-2026","10":"first","11":"instock","12":"taxable","13":"shipping-taxable","14":"purchasable","15":"product-type-variable","16":"hongo-alternate-image-wrap"},"_links":{"self":[{"href":"https:\/\/mmurbancouture.pt\/en\/wp-json\/wp\/v2\/product\/103761","targetHints":{"allow":["GET"]}}],"collection":[{"href":"https:\/\/mmurbancouture.pt\/en\/wp-json\/wp\/v2\/product"}],"about":[{"href":"https:\/\/mmurbancouture.pt\/en\/wp-json\/wp\/v2\/types\/product"}],"replies":[{"embeddable":true,"href":"https:\/\/mmurbancouture.pt\/en\/wp-json\/wp\/v2\/comments?post=103761"}],"wp:featuredmedia":[{"embeddable":true,"href":"https:\/\/mmurbancouture.pt\/en\/wp-json\/wp\/v2\/media\/103767"}],"wp:attachment":[{"href":"https:\/\/mmurbancouture.pt\/en\/wp-json\/wp\/v2\/media?parent=103761"}],"wp:term":[{"taxonomy":"product_cat","embeddable":true,"href":"https:\/\/mmurbancouture.pt\/en\/wp-json\/wp\/v2\/product_cat?post=103761"},{"taxonomy":"product_tag","embeddable":true,"href":"https:\/\/mmurbancouture.pt\/en\/wp-json\/wp\/v2\/product_tag?post=103761"},{"taxonomy":"woo-feed-brand","embeddable":true,"href":"https:\/\/mmurbancouture.pt\/en\/wp-json\/wp\/v2\/woo-feed-brand?post=103761"}],"curies":[{"name":"wp","href":"https:\/\/api.w.org\/{rel}","templated":true}]}}