{"id":103736,"date":"2026-04-17T23:52:12","date_gmt":"2026-04-17T23:52:12","guid":{"rendered":"https:\/\/mmurbancouture.pt\/?post_type=product&#038;p=103736"},"modified":"2026-04-18T00:13:12","modified_gmt":"2026-04-18T00:13:12","slug":"sandalia-de-salto-com-cabeca-de-leopardo-e-tachas","status":"publish","type":"product","link":"https:\/\/mmurbancouture.pt\/en\/product\/sandalia-de-salto-com-cabeca-de-leopardo-e-tachas\/","title":{"rendered":"Sand\u00e1lia de salto com cabe\u00e7a de leopardo e tachas"},"content":{"rendered":"<div class=\"xs_social_share_widget xs_share_url after_content \t\tmain_content  wslu-style-1 wslu-share-box-shaped wslu-fill-colored wslu-none wslu-share-horizontal wslu-theme-font-no wslu-main_content\">\n\n\t\t\n        <ul>\n\t\t\t        <\/ul>\n    <\/div>","protected":false},"excerpt":{"rendered":"<p>Sand\u00e1lia de salto com aplica\u00e7\u00e3o de cabe\u00e7a de leopardo e detalhes de tachas douradas. Feita em couro sint\u00e9tico com forro macio. Design sofisticado e elegante, perfeito para um toque distintivo. Salto confort\u00e1vel de 5 cm para uso prolongado.<\/p>","protected":false},"featured_media":103741,"comment_status":"open","ping_status":"closed","template":"","meta":[],"product_cat":[232,180],"product_tag":[],"woo-feed-brand":[],"class_list":{"0":"post-103736","1":"product","2":"type-product","3":"status-publish","4":"has-post-thumbnail","6":"product_brand-maite-by-cadademunt","7":"product_cat-calcado","8":"product_cat-novidades-primavera-verao-2026","10":"first","11":"instock","12":"taxable","13":"shipping-taxable","14":"purchasable","15":"product-type-simple","16":"hongo-alternate-image-wrap"},"_links":{"self":[{"href":"https:\/\/mmurbancouture.pt\/en\/wp-json\/wp\/v2\/product\/103736","targetHints":{"allow":["GET"]}}],"collection":[{"href":"https:\/\/mmurbancouture.pt\/en\/wp-json\/wp\/v2\/product"}],"about":[{"href":"https:\/\/mmurbancouture.pt\/en\/wp-json\/wp\/v2\/types\/product"}],"replies":[{"embeddable":true,"href":"https:\/\/mmurbancouture.pt\/en\/wp-json\/wp\/v2\/comments?post=103736"}],"wp:featuredmedia":[{"embeddable":true,"href":"https:\/\/mmurbancouture.pt\/en\/wp-json\/wp\/v2\/media\/103741"}],"wp:attachment":[{"href":"https:\/\/mmurbancouture.pt\/en\/wp-json\/wp\/v2\/media?parent=103736"}],"wp:term":[{"taxonomy":"product_cat","embeddable":true,"href":"https:\/\/mmurbancouture.pt\/en\/wp-json\/wp\/v2\/product_cat?post=103736"},{"taxonomy":"product_tag","embeddable":true,"href":"https:\/\/mmurbancouture.pt\/en\/wp-json\/wp\/v2\/product_tag?post=103736"},{"taxonomy":"woo-feed-brand","embeddable":true,"href":"https:\/\/mmurbancouture.pt\/en\/wp-json\/wp\/v2\/woo-feed-brand?post=103736"}],"curies":[{"name":"wp","href":"https:\/\/api.w.org\/{rel}","templated":true}]}}