{"id":103635,"date":"2026-04-17T17:42:17","date_gmt":"2026-04-17T17:42:17","guid":{"rendered":"https:\/\/mmurbancouture.pt\/?post_type=product&#038;p=103635"},"modified":"2026-04-17T19:35:59","modified_gmt":"2026-04-17T19:35:59","slug":"pulseiras-elasticas-efeito-bambu-estampa-animal","status":"publish","type":"product","link":"https:\/\/mmurbancouture.pt\/en\/product\/pulseiras-elasticas-efeito-bambu-estampa-animal\/","title":{"rendered":"Pulseiras el\u00e1sticas efeito bambu estampa animal"},"content":{"rendered":"<div class=\"xs_social_share_widget xs_share_url after_content \t\tmain_content  wslu-style-1 wslu-share-box-shaped wslu-fill-colored wslu-none wslu-share-horizontal wslu-theme-font-no wslu-main_content\">\n\n\t\t\n        <ul>\n\t\t\t        <\/ul>\n    <\/div>","protected":false},"excerpt":{"rendered":"<p>Conjunto de pulseiras el\u00e1sticas com pe\u00e7as met\u00e1licas em efeito bambu e design de estampa animal. Um acess\u00f3rio vers\u00e1til que adiciona um toque selvagem e sofisticado a qualquer look. Perfeito para visuais diurnos ou noturnos, com sua elegante combina\u00e7\u00e3o de tons dourados e estampas ex\u00f3ticas.<\/p>\n<p>Sugest\u00e3o: Conjugue com o colar Pack de dos colares combinados &#8211; ref\u00aa LS2603069.2M5<\/p>","protected":false},"featured_media":103637,"comment_status":"open","ping_status":"closed","template":"","meta":[],"product_cat":[233,180],"product_tag":[],"woo-feed-brand":[],"class_list":{"0":"post-103635","1":"product","2":"type-product","3":"status-publish","4":"has-post-thumbnail","6":"product_brand-lolacasademunt","7":"product_cat-acessorios-novidades-primavera-verao","8":"product_cat-primavera-verao-2026","10":"first","11":"instock","12":"taxable","13":"shipping-taxable","14":"purchasable","15":"product-type-simple","16":"hongo-alternate-image-wrap"},"_links":{"self":[{"href":"https:\/\/mmurbancouture.pt\/en\/wp-json\/wp\/v2\/product\/103635","targetHints":{"allow":["GET"]}}],"collection":[{"href":"https:\/\/mmurbancouture.pt\/en\/wp-json\/wp\/v2\/product"}],"about":[{"href":"https:\/\/mmurbancouture.pt\/en\/wp-json\/wp\/v2\/types\/product"}],"replies":[{"embeddable":true,"href":"https:\/\/mmurbancouture.pt\/en\/wp-json\/wp\/v2\/comments?post=103635"}],"wp:featuredmedia":[{"embeddable":true,"href":"https:\/\/mmurbancouture.pt\/en\/wp-json\/wp\/v2\/media\/103637"}],"wp:attachment":[{"href":"https:\/\/mmurbancouture.pt\/en\/wp-json\/wp\/v2\/media?parent=103635"}],"wp:term":[{"taxonomy":"product_cat","embeddable":true,"href":"https:\/\/mmurbancouture.pt\/en\/wp-json\/wp\/v2\/product_cat?post=103635"},{"taxonomy":"product_tag","embeddable":true,"href":"https:\/\/mmurbancouture.pt\/en\/wp-json\/wp\/v2\/product_tag?post=103635"},{"taxonomy":"woo-feed-brand","embeddable":true,"href":"https:\/\/mmurbancouture.pt\/en\/wp-json\/wp\/v2\/woo-feed-brand?post=103635"}],"curies":[{"name":"wp","href":"https:\/\/api.w.org\/{rel}","templated":true}]}}