{"id":103627,"date":"2026-04-17T17:33:58","date_gmt":"2026-04-17T17:33:58","guid":{"rendered":"https:\/\/mmurbancouture.pt\/?post_type=product&#038;p=103627"},"modified":"2026-04-17T19:36:09","modified_gmt":"2026-04-17T19:36:09","slug":"conjunto-de-dois-colares-efeito-bambu-metalico-e-estampa-animal","status":"publish","type":"product","link":"https:\/\/mmurbancouture.pt\/en\/product\/conjunto-de-dois-colares-efeito-bambu-metalico-e-estampa-animal\/","title":{"rendered":"Dois colares efeito bambu met\u00e1lico e estampa animal"},"content":{"rendered":"<div class=\"xs_social_share_widget xs_share_url after_content \t\tmain_content  wslu-style-1 wslu-share-box-shaped wslu-fill-colored wslu-none wslu-share-horizontal wslu-theme-font-no wslu-main_content\">\n\n\t\t\n        <ul>\n\t\t\t        <\/ul>\n    <\/div>","protected":false},"excerpt":{"rendered":"<p>Conjunto de colares com pe\u00e7as met\u00e1licas e design em bambu com estampa animal. Combina\u00e7\u00e3o perfeita para adicionar um toque ex\u00f3tico e chique a qualquer look. Fecho ajust\u00e1vel com corrente e detalhe de logotipo.<\/p>","protected":false},"featured_media":103629,"comment_status":"open","ping_status":"closed","template":"","meta":[],"product_cat":[233,180],"product_tag":[],"woo-feed-brand":[],"class_list":{"0":"post-103627","1":"product","2":"type-product","3":"status-publish","4":"has-post-thumbnail","6":"product_brand-lolacasademunt","7":"product_cat-acessorios-novidades-primavera-verao","8":"product_cat-primavera-verao-2026","10":"first","11":"instock","12":"taxable","13":"shipping-taxable","14":"purchasable","15":"product-type-simple","16":"hongo-alternate-image-wrap"},"_links":{"self":[{"href":"https:\/\/mmurbancouture.pt\/en\/wp-json\/wp\/v2\/product\/103627","targetHints":{"allow":["GET"]}}],"collection":[{"href":"https:\/\/mmurbancouture.pt\/en\/wp-json\/wp\/v2\/product"}],"about":[{"href":"https:\/\/mmurbancouture.pt\/en\/wp-json\/wp\/v2\/types\/product"}],"replies":[{"embeddable":true,"href":"https:\/\/mmurbancouture.pt\/en\/wp-json\/wp\/v2\/comments?post=103627"}],"wp:featuredmedia":[{"embeddable":true,"href":"https:\/\/mmurbancouture.pt\/en\/wp-json\/wp\/v2\/media\/103629"}],"wp:attachment":[{"href":"https:\/\/mmurbancouture.pt\/en\/wp-json\/wp\/v2\/media?parent=103627"}],"wp:term":[{"taxonomy":"product_cat","embeddable":true,"href":"https:\/\/mmurbancouture.pt\/en\/wp-json\/wp\/v2\/product_cat?post=103627"},{"taxonomy":"product_tag","embeddable":true,"href":"https:\/\/mmurbancouture.pt\/en\/wp-json\/wp\/v2\/product_tag?post=103627"},{"taxonomy":"woo-feed-brand","embeddable":true,"href":"https:\/\/mmurbancouture.pt\/en\/wp-json\/wp\/v2\/woo-feed-brand?post=103627"}],"curies":[{"name":"wp","href":"https:\/\/api.w.org\/{rel}","templated":true}]}}