{"id":103617,"date":"2026-04-17T17:25:24","date_gmt":"2026-04-17T17:25:24","guid":{"rendered":"https:\/\/mmurbancouture.pt\/?post_type=product&#038;p=103617"},"modified":"2026-04-17T19:07:36","modified_gmt":"2026-04-17T19:07:36","slug":"t-shirt-lc-lentejolas","status":"publish","type":"product","link":"https:\/\/mmurbancouture.pt\/en\/product\/t-shirt-lc-lentejolas\/","title":{"rendered":"T-Shirt LC lentejolas"},"content":{"rendered":"<div class=\"xs_social_share_widget xs_share_url after_content \t\tmain_content  wslu-style-1 wslu-share-box-shaped wslu-fill-colored wslu-none wslu-share-horizontal wslu-theme-font-no wslu-main_content\">\n\n\t\t\n        <ul>\n\t\t\t        <\/ul>\n    <\/div>","protected":false},"excerpt":{"rendered":"<p>Eleve o conceito de &#8220;b\u00e1sica&#8221; com esta t-shirt exclusiva da <b data-path-to-node=\"3\" data-index-in-node=\"59\">Lola Casademunt<\/b>. Unindo o conforto do algod\u00e3o \u00e0 sofistica\u00e7\u00e3o do design espanhol, esta pe\u00e7a \u00e9 a escolha ideal para quem n\u00e3o abre m\u00e3o do estilo, mesmo nos dias mais descontra\u00eddos.<\/p>","protected":false},"featured_media":103623,"comment_status":"open","ping_status":"closed","template":"","meta":[],"product_cat":[180,231],"product_tag":[],"woo-feed-brand":[],"class_list":{"0":"post-103617","1":"product","2":"type-product","3":"status-publish","4":"has-post-thumbnail","6":"product_brand-lolacasademunt","7":"product_cat-primavera-verao-2026","8":"product_cat-vestuario-novidades-primavera-verao","10":"first","11":"instock","12":"taxable","13":"shipping-taxable","14":"purchasable","15":"product-type-variable","16":"hongo-alternate-image-wrap"},"_links":{"self":[{"href":"https:\/\/mmurbancouture.pt\/en\/wp-json\/wp\/v2\/product\/103617","targetHints":{"allow":["GET"]}}],"collection":[{"href":"https:\/\/mmurbancouture.pt\/en\/wp-json\/wp\/v2\/product"}],"about":[{"href":"https:\/\/mmurbancouture.pt\/en\/wp-json\/wp\/v2\/types\/product"}],"replies":[{"embeddable":true,"href":"https:\/\/mmurbancouture.pt\/en\/wp-json\/wp\/v2\/comments?post=103617"}],"wp:featuredmedia":[{"embeddable":true,"href":"https:\/\/mmurbancouture.pt\/en\/wp-json\/wp\/v2\/media\/103623"}],"wp:attachment":[{"href":"https:\/\/mmurbancouture.pt\/en\/wp-json\/wp\/v2\/media?parent=103617"}],"wp:term":[{"taxonomy":"product_cat","embeddable":true,"href":"https:\/\/mmurbancouture.pt\/en\/wp-json\/wp\/v2\/product_cat?post=103617"},{"taxonomy":"product_tag","embeddable":true,"href":"https:\/\/mmurbancouture.pt\/en\/wp-json\/wp\/v2\/product_tag?post=103617"},{"taxonomy":"woo-feed-brand","embeddable":true,"href":"https:\/\/mmurbancouture.pt\/en\/wp-json\/wp\/v2\/woo-feed-brand?post=103617"}],"curies":[{"name":"wp","href":"https:\/\/api.w.org\/{rel}","templated":true}]}}