{"id":103600,"date":"2026-04-17T16:15:34","date_gmt":"2026-04-17T16:15:34","guid":{"rendered":"https:\/\/mmurbancouture.pt\/?post_type=product&#038;p=103600"},"modified":"2026-04-17T16:21:29","modified_gmt":"2026-04-17T16:21:29","slug":"lenco-de-cetim-com-estampa-de-listas-e-leopardo","status":"publish","type":"product","link":"https:\/\/mmurbancouture.pt\/en\/product\/lenco-de-cetim-com-estampa-de-listas-e-leopardo\/","title":{"rendered":"Len\u00e7o de cetim com estampa de listas e leopardo"},"content":{"rendered":"<div class=\"xs_social_share_widget xs_share_url after_content \t\tmain_content  wslu-style-1 wslu-share-box-shaped wslu-fill-colored wslu-none wslu-share-horizontal wslu-theme-font-no wslu-main_content\">\n\n\t\t\n        <ul>\n\t\t\t        <\/ul>\n    <\/div>","protected":false},"excerpt":{"rendered":"<p>Este len\u00e7o de cetim apresenta um design \u00fanico de listras e estampa de leopardo. Macio ao toque, este acess\u00f3rio vers\u00e1til \u00e9 ideal para adicionar um toque selvagem a qualquer visual. Feito de material de alta qualidade que garante um brilho elegante. Dimens\u00f5es perfeitas para v\u00e1rias formas de uso.<\/p>","protected":false},"featured_media":103602,"comment_status":"open","ping_status":"closed","template":"","meta":[],"product_cat":[233,180],"product_tag":[],"woo-feed-brand":[],"class_list":{"0":"post-103600","1":"product","2":"type-product","3":"status-publish","4":"has-post-thumbnail","6":"product_brand-lolacasademunt","7":"product_cat-acessorios-novidades-primavera-verao","8":"product_cat-primavera-verao-2026","10":"first","11":"instock","12":"taxable","13":"shipping-taxable","14":"purchasable","15":"product-type-simple","16":"hongo-alternate-image-wrap"},"_links":{"self":[{"href":"https:\/\/mmurbancouture.pt\/en\/wp-json\/wp\/v2\/product\/103600","targetHints":{"allow":["GET"]}}],"collection":[{"href":"https:\/\/mmurbancouture.pt\/en\/wp-json\/wp\/v2\/product"}],"about":[{"href":"https:\/\/mmurbancouture.pt\/en\/wp-json\/wp\/v2\/types\/product"}],"replies":[{"embeddable":true,"href":"https:\/\/mmurbancouture.pt\/en\/wp-json\/wp\/v2\/comments?post=103600"}],"wp:featuredmedia":[{"embeddable":true,"href":"https:\/\/mmurbancouture.pt\/en\/wp-json\/wp\/v2\/media\/103602"}],"wp:attachment":[{"href":"https:\/\/mmurbancouture.pt\/en\/wp-json\/wp\/v2\/media?parent=103600"}],"wp:term":[{"taxonomy":"product_cat","embeddable":true,"href":"https:\/\/mmurbancouture.pt\/en\/wp-json\/wp\/v2\/product_cat?post=103600"},{"taxonomy":"product_tag","embeddable":true,"href":"https:\/\/mmurbancouture.pt\/en\/wp-json\/wp\/v2\/product_tag?post=103600"},{"taxonomy":"woo-feed-brand","embeddable":true,"href":"https:\/\/mmurbancouture.pt\/en\/wp-json\/wp\/v2\/woo-feed-brand?post=103600"}],"curies":[{"name":"wp","href":"https:\/\/api.w.org\/{rel}","templated":true}]}}