{"id":103471,"date":"2026-04-16T23:52:25","date_gmt":"2026-04-16T23:52:25","guid":{"rendered":"https:\/\/mmurbancouture.pt\/?post_type=product&#038;p=103471"},"modified":"2026-04-16T23:52:25","modified_gmt":"2026-04-16T23:52:25","slug":"vestido-longo-de-alcas-laminado","status":"publish","type":"product","link":"https:\/\/mmurbancouture.pt\/en\/product\/vestido-longo-de-alcas-laminado\/","title":{"rendered":"Vestido longo de al\u00e7as laminado"},"content":{"rendered":"<div class=\"xs_social_share_widget xs_share_url after_content \t\tmain_content  wslu-style-1 wslu-share-box-shaped wslu-fill-colored wslu-none wslu-share-horizontal wslu-theme-font-no wslu-main_content\">\n\n\t\t\n        <ul>\n\t\t\t        <\/ul>\n    <\/div>","protected":false},"excerpt":{"rendered":"<p>Vestido longo com um efeito laminado impressionante que captura a luz. Design de al\u00e7as com um corte fluido e elegante, adequado para qualquer ocasi\u00e3o especial. O tecido laminado proporciona um acabamento moderno e brilhante, tornando-o uma pe\u00e7a essencial para se destacar.<\/p>","protected":false},"featured_media":103473,"comment_status":"open","ping_status":"closed","template":"","meta":[],"product_cat":[180,231],"product_tag":[],"woo-feed-brand":[],"class_list":{"0":"post-103471","1":"product","2":"type-product","3":"status-publish","4":"has-post-thumbnail","6":"product_brand-lolacasademunt","7":"product_cat-novidades-primavera-verao","8":"product_cat-vestuario-novidades-primavera-verao","10":"first","11":"instock","12":"taxable","13":"shipping-taxable","14":"purchasable","15":"product-type-variable","16":"hongo-alternate-image-wrap"},"_links":{"self":[{"href":"https:\/\/mmurbancouture.pt\/en\/wp-json\/wp\/v2\/product\/103471","targetHints":{"allow":["GET"]}}],"collection":[{"href":"https:\/\/mmurbancouture.pt\/en\/wp-json\/wp\/v2\/product"}],"about":[{"href":"https:\/\/mmurbancouture.pt\/en\/wp-json\/wp\/v2\/types\/product"}],"replies":[{"embeddable":true,"href":"https:\/\/mmurbancouture.pt\/en\/wp-json\/wp\/v2\/comments?post=103471"}],"wp:featuredmedia":[{"embeddable":true,"href":"https:\/\/mmurbancouture.pt\/en\/wp-json\/wp\/v2\/media\/103473"}],"wp:attachment":[{"href":"https:\/\/mmurbancouture.pt\/en\/wp-json\/wp\/v2\/media?parent=103471"}],"wp:term":[{"taxonomy":"product_cat","embeddable":true,"href":"https:\/\/mmurbancouture.pt\/en\/wp-json\/wp\/v2\/product_cat?post=103471"},{"taxonomy":"product_tag","embeddable":true,"href":"https:\/\/mmurbancouture.pt\/en\/wp-json\/wp\/v2\/product_tag?post=103471"},{"taxonomy":"woo-feed-brand","embeddable":true,"href":"https:\/\/mmurbancouture.pt\/en\/wp-json\/wp\/v2\/woo-feed-brand?post=103471"}],"curies":[{"name":"wp","href":"https:\/\/api.w.org\/{rel}","templated":true}]}}