{"id":103316,"date":"2026-04-16T14:44:22","date_gmt":"2026-04-16T14:44:22","guid":{"rendered":"https:\/\/mmurbancouture.pt\/?post_type=product&#038;p=103316"},"modified":"2026-04-17T08:24:55","modified_gmt":"2026-04-17T08:24:55","slug":"sapatos-de-salto-com-tachas","status":"publish","type":"product","link":"https:\/\/mmurbancouture.pt\/en\/product\/sapatos-de-salto-com-tachas\/","title":{"rendered":"Sapatos de salto com tachas"},"content":{"rendered":"<div class=\"xs_social_share_widget xs_share_url after_content \t\tmain_content  wslu-style-1 wslu-share-box-shaped wslu-fill-colored wslu-none wslu-share-horizontal wslu-theme-font-no wslu-main_content\">\n\n\t\t\n        <ul>\n\t\t\t        <\/ul>\n    <\/div>","protected":false},"excerpt":{"rendered":"<p>Sapatos elegantes de salto baixo com design pontiagudo e tachas douradas. Feitos de couro de alta qualidade com fecho traseiro ajust\u00e1vel. Ideais para adicionar um toque sofisticado ao seu estilo di\u00e1rio. Confort\u00e1veis e vers\u00e1teis para qualquer ocasi\u00e3o.<\/p>","protected":false},"featured_media":103330,"comment_status":"open","ping_status":"closed","template":"","meta":[],"product_cat":[232,180],"product_tag":[],"woo-feed-brand":[],"class_list":{"0":"post-103316","1":"product","2":"type-product","3":"status-publish","4":"has-post-thumbnail","6":"product_brand-maite-by-cadademunt","7":"product_cat-calcado-novidades-primavera-verao","8":"product_cat-novidades-primavera-verao","10":"first","11":"instock","12":"taxable","13":"shipping-taxable","14":"purchasable","15":"product-type-variable","16":"hongo-alternate-image-wrap"},"_links":{"self":[{"href":"https:\/\/mmurbancouture.pt\/en\/wp-json\/wp\/v2\/product\/103316","targetHints":{"allow":["GET"]}}],"collection":[{"href":"https:\/\/mmurbancouture.pt\/en\/wp-json\/wp\/v2\/product"}],"about":[{"href":"https:\/\/mmurbancouture.pt\/en\/wp-json\/wp\/v2\/types\/product"}],"replies":[{"embeddable":true,"href":"https:\/\/mmurbancouture.pt\/en\/wp-json\/wp\/v2\/comments?post=103316"}],"wp:featuredmedia":[{"embeddable":true,"href":"https:\/\/mmurbancouture.pt\/en\/wp-json\/wp\/v2\/media\/103330"}],"wp:attachment":[{"href":"https:\/\/mmurbancouture.pt\/en\/wp-json\/wp\/v2\/media?parent=103316"}],"wp:term":[{"taxonomy":"product_cat","embeddable":true,"href":"https:\/\/mmurbancouture.pt\/en\/wp-json\/wp\/v2\/product_cat?post=103316"},{"taxonomy":"product_tag","embeddable":true,"href":"https:\/\/mmurbancouture.pt\/en\/wp-json\/wp\/v2\/product_tag?post=103316"},{"taxonomy":"woo-feed-brand","embeddable":true,"href":"https:\/\/mmurbancouture.pt\/en\/wp-json\/wp\/v2\/woo-feed-brand?post=103316"}],"curies":[{"name":"wp","href":"https:\/\/api.w.org\/{rel}","templated":true}]}}