{"id":102979,"date":"2026-04-09T17:47:28","date_gmt":"2026-04-09T17:47:28","guid":{"rendered":"https:\/\/mmurbancouture.pt\/?post_type=product&#038;p=102979"},"modified":"2026-04-15T00:24:44","modified_gmt":"2026-04-15T00:24:44","slug":"saia-de-cetim-estampa-animal","status":"publish","type":"product","link":"https:\/\/mmurbancouture.pt\/en\/product\/saia-de-cetim-estampa-animal\/","title":{"rendered":"Saia de cetim estampa animal"},"content":{"rendered":"<div class=\"xs_social_share_widget xs_share_url after_content \t\tmain_content  wslu-style-1 wslu-share-box-shaped wslu-fill-colored wslu-none wslu-share-horizontal wslu-theme-font-no wslu-main_content\">\n\n\t\t\n        <ul>\n\t\t\t        <\/ul>\n    <\/div>","protected":false},"excerpt":{"rendered":"<p>Saia midi feita em tecido cetim com uma atraente estampa animal. Design fluido que adiciona movimento e eleg\u00e2ncia. Perfeita para combinar com pe\u00e7as b\u00e1sicas ou mais ousadas. Cintura el\u00e1stica para maior conforto.<\/p>","protected":false},"featured_media":102981,"comment_status":"open","ping_status":"closed","template":"","meta":[],"product_cat":[190,180],"product_tag":[],"woo-feed-brand":[],"class_list":{"0":"post-102979","1":"product","2":"type-product","3":"status-publish","4":"has-post-thumbnail","6":"product_brand-lolacasademunt","7":"product_cat-lola-casademunt","8":"product_cat-novidades-primavera-verao","10":"first","11":"instock","12":"taxable","13":"shipping-taxable","14":"purchasable","15":"product-type-variable","16":"hongo-alternate-image-wrap"},"_links":{"self":[{"href":"https:\/\/mmurbancouture.pt\/en\/wp-json\/wp\/v2\/product\/102979","targetHints":{"allow":["GET"]}}],"collection":[{"href":"https:\/\/mmurbancouture.pt\/en\/wp-json\/wp\/v2\/product"}],"about":[{"href":"https:\/\/mmurbancouture.pt\/en\/wp-json\/wp\/v2\/types\/product"}],"replies":[{"embeddable":true,"href":"https:\/\/mmurbancouture.pt\/en\/wp-json\/wp\/v2\/comments?post=102979"}],"wp:featuredmedia":[{"embeddable":true,"href":"https:\/\/mmurbancouture.pt\/en\/wp-json\/wp\/v2\/media\/102981"}],"wp:attachment":[{"href":"https:\/\/mmurbancouture.pt\/en\/wp-json\/wp\/v2\/media?parent=102979"}],"wp:term":[{"taxonomy":"product_cat","embeddable":true,"href":"https:\/\/mmurbancouture.pt\/en\/wp-json\/wp\/v2\/product_cat?post=102979"},{"taxonomy":"product_tag","embeddable":true,"href":"https:\/\/mmurbancouture.pt\/en\/wp-json\/wp\/v2\/product_tag?post=102979"},{"taxonomy":"woo-feed-brand","embeddable":true,"href":"https:\/\/mmurbancouture.pt\/en\/wp-json\/wp\/v2\/woo-feed-brand?post=102979"}],"curies":[{"name":"wp","href":"https:\/\/api.w.org\/{rel}","templated":true}]}}