{"id":102692,"date":"2026-03-11T18:41:45","date_gmt":"2026-03-11T18:41:45","guid":{"rendered":"https:\/\/mmurbancouture.pt\/?post_type=product&#038;p=102692"},"modified":"2026-04-03T09:39:35","modified_gmt":"2026-04-03T09:39:35","slug":"vestido-camiseiro-longo-emma-iconique","status":"publish","type":"product","link":"https:\/\/mmurbancouture.pt\/en\/product\/vestido-camiseiro-longo-emma-iconique\/","title":{"rendered":"Vestido camiseiro longo Emma &#8211; Iconique"},"content":{"rendered":"","protected":false},"excerpt":{"rendered":"<p data-path-to-node=\"1\">O <b data-path-to-node=\"1\" data-index-in-node=\"2\">vestido camiseiro maxi Emma<\/b>, dispon\u00edvel em estampado multicolorido, \u00e9 perfeito para um look de ver\u00e3o elegante e vers\u00e1til. Confecionado em viscose, oferece conforto e estilo, sendo ideal tanto para eventos formais como para passeios na cidade.<\/p>\n<ul data-path-to-node=\"2\">\n<li>\n<p data-path-to-node=\"2,0,0\">Maxi (Comprimento longo)<\/p>\n<\/li>\n<li>\n<p data-path-to-node=\"2,1,0\">Colarinho e bot\u00f5es frontais<\/p>\n<\/li>\n<li>\n<p data-path-to-node=\"2,2,0\">Design elegante e vers\u00e1til<\/p>\n<\/li>\n<li>\n<p data-path-to-node=\"2,3,0\">Tecido fresco e respir\u00e1vel<\/p>\n<\/li>\n<li>\n<p data-path-to-node=\"2,4,0\">Cinto remov\u00edvel na cintura<\/p>\n<\/li>\n<\/ul>","protected":false},"featured_media":102693,"comment_status":"closed","ping_status":"closed","template":"","meta":[],"product_cat":[198,180],"product_tag":[],"class_list":{"0":"post-102692","1":"product","2":"type-product","3":"status-publish","4":"has-post-thumbnail","6":"product_brand-iconique","7":"product_cat-iconique-brevemente","8":"product_cat-novidades-primavera-verao","10":"first","11":"outofstock","12":"taxable","13":"shipping-taxable","14":"purchasable","15":"product-type-variable","16":"hongo-alternate-image-wrap"},"_links":{"self":[{"href":"https:\/\/mmurbancouture.pt\/en\/wp-json\/wp\/v2\/product\/102692","targetHints":{"allow":["GET"]}}],"collection":[{"href":"https:\/\/mmurbancouture.pt\/en\/wp-json\/wp\/v2\/product"}],"about":[{"href":"https:\/\/mmurbancouture.pt\/en\/wp-json\/wp\/v2\/types\/product"}],"replies":[{"embeddable":true,"href":"https:\/\/mmurbancouture.pt\/en\/wp-json\/wp\/v2\/comments?post=102692"}],"wp:featuredmedia":[{"embeddable":true,"href":"https:\/\/mmurbancouture.pt\/en\/wp-json\/wp\/v2\/media\/102693"}],"wp:attachment":[{"href":"https:\/\/mmurbancouture.pt\/en\/wp-json\/wp\/v2\/media?parent=102692"}],"wp:term":[{"taxonomy":"product_cat","embeddable":true,"href":"https:\/\/mmurbancouture.pt\/en\/wp-json\/wp\/v2\/product_cat?post=102692"},{"taxonomy":"product_tag","embeddable":true,"href":"https:\/\/mmurbancouture.pt\/en\/wp-json\/wp\/v2\/product_tag?post=102692"}],"curies":[{"name":"wp","href":"https:\/\/api.w.org\/{rel}","templated":true}]}}