{"id":102685,"date":"2026-03-11T18:33:49","date_gmt":"2026-03-11T18:33:49","guid":{"rendered":"https:\/\/mmurbancouture.pt\/?post_type=product&#038;p=102685"},"modified":"2026-03-11T18:35:33","modified_gmt":"2026-03-11T18:35:33","slug":"calcas-pantalonas-star-iconique","status":"publish","type":"product","link":"https:\/\/mmurbancouture.pt\/en\/product\/calcas-pantalonas-star-iconique\/","title":{"rendered":"Cal\u00e7as pantalonas Star &#8211; Iconique"},"content":{"rendered":"<div class=\"xs_social_share_widget xs_share_url after_content \t\tmain_content  wslu-style-1 wslu-share-box-shaped wslu-fill-colored wslu-none wslu-share-horizontal wslu-theme-font-no wslu-main_content\">\n\n\t\t\n        <ul>\n\t\t\t        <\/ul>\n    <\/div>","protected":false},"excerpt":{"rendered":"<p data-path-to-node=\"1\">As <b data-path-to-node=\"1\" data-index-in-node=\"3\">cal\u00e7as pantalonas Star<\/b> em algod\u00e3o oferecem um look elegante e confort\u00e1vel para os dias de ver\u00e3o.<\/p>\n<ul data-path-to-node=\"2\">\n<li>\n<p data-path-to-node=\"2,0,0\">Perna larga<\/p>\n<\/li>\n<li>\n<p data-path-to-node=\"2,1,0\">Confecionadas em denim (ou jeans)<\/p>\n<\/li>\n<li>\n<p data-path-to-node=\"2,2,0\">Modelagem ampla e respir\u00e1vel<\/p>\n<\/li>\n<li>\n<p data-path-to-node=\"2,3,0\">El\u00e1stico na cintura<\/p>\n<\/li>\n<\/ul>","protected":false},"featured_media":102686,"comment_status":"closed","ping_status":"closed","template":"","meta":[],"product_cat":[198,180],"product_tag":[],"class_list":{"0":"post-102685","1":"product","2":"type-product","3":"status-publish","4":"has-post-thumbnail","6":"product_brand-iconique","7":"product_cat-iconique-brevemente","8":"product_cat-novidades-primavera-verao","10":"first","11":"instock","12":"taxable","13":"shipping-taxable","14":"purchasable","15":"product-type-variable","16":"hongo-alternate-image-wrap"},"_links":{"self":[{"href":"https:\/\/mmurbancouture.pt\/en\/wp-json\/wp\/v2\/product\/102685","targetHints":{"allow":["GET"]}}],"collection":[{"href":"https:\/\/mmurbancouture.pt\/en\/wp-json\/wp\/v2\/product"}],"about":[{"href":"https:\/\/mmurbancouture.pt\/en\/wp-json\/wp\/v2\/types\/product"}],"replies":[{"embeddable":true,"href":"https:\/\/mmurbancouture.pt\/en\/wp-json\/wp\/v2\/comments?post=102685"}],"wp:featuredmedia":[{"embeddable":true,"href":"https:\/\/mmurbancouture.pt\/en\/wp-json\/wp\/v2\/media\/102686"}],"wp:attachment":[{"href":"https:\/\/mmurbancouture.pt\/en\/wp-json\/wp\/v2\/media?parent=102685"}],"wp:term":[{"taxonomy":"product_cat","embeddable":true,"href":"https:\/\/mmurbancouture.pt\/en\/wp-json\/wp\/v2\/product_cat?post=102685"},{"taxonomy":"product_tag","embeddable":true,"href":"https:\/\/mmurbancouture.pt\/en\/wp-json\/wp\/v2\/product_tag?post=102685"}],"curies":[{"name":"wp","href":"https:\/\/api.w.org\/{rel}","templated":true}]}}