{"id":102677,"date":"2026-03-11T18:26:57","date_gmt":"2026-03-11T18:26:57","guid":{"rendered":"https:\/\/mmurbancouture.pt\/?post_type=product&#038;p=102677"},"modified":"2026-03-11T18:26:57","modified_gmt":"2026-03-11T18:26:57","slug":"calcoes-evelyn-iconique","status":"publish","type":"product","link":"https:\/\/mmurbancouture.pt\/en\/product\/calcoes-evelyn-iconique\/","title":{"rendered":"Cal\u00e7\u00f5es Evelyn &#8211; Iconique"},"content":{"rendered":"<p>Os cal\u00e7\u00f5es Evelyn s\u00e3o o must-have do ver\u00e3o para um look casual e descontra\u00eddo. Confeccionados em denim 100% algod\u00e3o, oferecem conforto, resist\u00eancia e um estilo atemporal.<\/p>\n<p>Fecho com fecho \u00e9clair e bot\u00e3o (ou Z\u00edper e bot\u00e3o)<\/p>\n<p>Tecido resistente, fresco e natural<\/p>\n<p>Modelagem confort\u00e1vel e moderna<\/p>\n<p>Enriquecidos com bordados<\/p>\n<p>Bolsos laterais<\/p>","protected":false},"excerpt":{"rendered":"<p>Os cal\u00e7\u00f5es Evelyn s\u00e3o o must-have do ver\u00e3o para um look casual e descontra\u00eddo. Confeccionados em denim 100% algod\u00e3o, oferecem conforto, resist\u00eancia e um estilo atemporal. Fecho com fecho \u00e9clair e bot\u00e3o (ou Z\u00edper e bot\u00e3o) Tecido resistente, fresco e natural Modelagem confort\u00e1vel e moderna Enriquecidos com bordados Bolsos laterais<\/p>","protected":false},"featured_media":102679,"comment_status":"closed","ping_status":"closed","template":"","meta":[],"product_cat":[198,180],"product_tag":[],"class_list":{"0":"post-102677","1":"product","2":"type-product","3":"status-publish","4":"has-post-thumbnail","6":"product_brand-iconique","7":"product_cat-iconique-brevemente","8":"product_cat-novidades-primavera-verao","10":"first","11":"instock","12":"taxable","13":"shipping-taxable","14":"purchasable","15":"product-type-variable","16":"hongo-alternate-image-wrap"},"_links":{"self":[{"href":"https:\/\/mmurbancouture.pt\/en\/wp-json\/wp\/v2\/product\/102677","targetHints":{"allow":["GET"]}}],"collection":[{"href":"https:\/\/mmurbancouture.pt\/en\/wp-json\/wp\/v2\/product"}],"about":[{"href":"https:\/\/mmurbancouture.pt\/en\/wp-json\/wp\/v2\/types\/product"}],"replies":[{"embeddable":true,"href":"https:\/\/mmurbancouture.pt\/en\/wp-json\/wp\/v2\/comments?post=102677"}],"wp:featuredmedia":[{"embeddable":true,"href":"https:\/\/mmurbancouture.pt\/en\/wp-json\/wp\/v2\/media\/102679"}],"wp:attachment":[{"href":"https:\/\/mmurbancouture.pt\/en\/wp-json\/wp\/v2\/media?parent=102677"}],"wp:term":[{"taxonomy":"product_cat","embeddable":true,"href":"https:\/\/mmurbancouture.pt\/en\/wp-json\/wp\/v2\/product_cat?post=102677"},{"taxonomy":"product_tag","embeddable":true,"href":"https:\/\/mmurbancouture.pt\/en\/wp-json\/wp\/v2\/product_tag?post=102677"}],"curies":[{"name":"wp","href":"https:\/\/api.w.org\/{rel}","templated":true}]}}