{"id":102673,"date":"2026-03-11T18:12:38","date_gmt":"2026-03-11T18:12:38","guid":{"rendered":"https:\/\/mmurbancouture.pt\/?post_type=product&#038;p=102673"},"modified":"2026-03-11T18:18:09","modified_gmt":"2026-03-11T18:18:09","slug":"calcas-palazzo-star-iconique","status":"publish","type":"product","link":"https:\/\/mmurbancouture.pt\/en\/product\/calcas-palazzo-star-iconique\/","title":{"rendered":"Cal\u00e7as palazzo Star &#8211; Iconique"},"content":{"rendered":"","protected":false},"excerpt":{"rendered":"<p>As cal\u00e7as palazzo Star em algod\u00e3o oferecem um look elegante e confort\u00e1vel para os dias de ver\u00e3o.<\/p>\n<p>Perna larga<\/p>\n<p>Bordadas em renda<\/p>\n<p>Modelagem ampla e respir\u00e1vel<\/p>\n<p>C\u00f3s com el\u00e1stico (ou El\u00e1stico na cintura)<\/p>\n<p>Dica de estilo: combine com a nossa camisa oversize Lily<\/p>","protected":false},"featured_media":102668,"comment_status":"closed","ping_status":"closed","template":"","meta":[],"product_cat":[198,180],"product_tag":[],"class_list":{"0":"post-102673","1":"product","2":"type-product","3":"status-publish","4":"has-post-thumbnail","6":"product_brand-iconique","7":"product_cat-iconique-brevemente","8":"product_cat-novidades-primavera-verao","10":"first","11":"instock","12":"taxable","13":"shipping-taxable","14":"purchasable","15":"product-type-variable","16":"hongo-alternate-image-wrap"},"_links":{"self":[{"href":"https:\/\/mmurbancouture.pt\/en\/wp-json\/wp\/v2\/product\/102673","targetHints":{"allow":["GET"]}}],"collection":[{"href":"https:\/\/mmurbancouture.pt\/en\/wp-json\/wp\/v2\/product"}],"about":[{"href":"https:\/\/mmurbancouture.pt\/en\/wp-json\/wp\/v2\/types\/product"}],"replies":[{"embeddable":true,"href":"https:\/\/mmurbancouture.pt\/en\/wp-json\/wp\/v2\/comments?post=102673"}],"wp:featuredmedia":[{"embeddable":true,"href":"https:\/\/mmurbancouture.pt\/en\/wp-json\/wp\/v2\/media\/102668"}],"wp:attachment":[{"href":"https:\/\/mmurbancouture.pt\/en\/wp-json\/wp\/v2\/media?parent=102673"}],"wp:term":[{"taxonomy":"product_cat","embeddable":true,"href":"https:\/\/mmurbancouture.pt\/en\/wp-json\/wp\/v2\/product_cat?post=102673"},{"taxonomy":"product_tag","embeddable":true,"href":"https:\/\/mmurbancouture.pt\/en\/wp-json\/wp\/v2\/product_tag?post=102673"}],"curies":[{"name":"wp","href":"https:\/\/api.w.org\/{rel}","templated":true}]}}