{"id":102651,"date":"2026-03-11T17:38:31","date_gmt":"2026-03-11T17:38:31","guid":{"rendered":"https:\/\/mmurbancouture.pt\/?post_type=product&#038;p=102651"},"modified":"2026-03-11T19:16:55","modified_gmt":"2026-03-11T19:16:55","slug":"vestido-camiseiro-longo-mallory-iconique","status":"publish","type":"product","link":"https:\/\/mmurbancouture.pt\/en\/product\/vestido-camiseiro-longo-mallory-iconique\/","title":{"rendered":"Vestido camiseiro longo Mallory &#8211; Iconique"},"content":{"rendered":"","protected":false},"excerpt":{"rendered":"<p>O vestido camiseiro longo Mallory \u00e9 uma pe\u00e7a atemporal, perfeita para quem ama um estilo descontra\u00eddo, mas sempre cuidado. Confeccionado em algod\u00e3o, \u00e9 leve, respir\u00e1vel e agrad\u00e1vel sobre a pele.<\/p>\n<p>Maxi (Comprimento longo)<\/p>\n<p>Tecido natural, fresco e respir\u00e1vel<\/p>\n<p>Linha fluida que valoriza todos os biotipos<\/p>\n<p>Colarinho cl\u00e1ssico e bot\u00f5es frontais<\/p>\n<p>Trabalhado em renda<\/p>\n<p>Dica de estilo: Por ser uma pe\u00e7a em renda e algod\u00e3o, este vestido funciona muito bem tanto com sand\u00e1lias rasteiras para um look de dia, quanto com um cinto para marcar a cintura e criar uma silhueta mais definida.<\/p>","protected":false},"featured_media":102654,"comment_status":"closed","ping_status":"closed","template":"","meta":[],"product_cat":[198,180],"product_tag":[],"class_list":{"0":"post-102651","1":"product","2":"type-product","3":"status-publish","4":"has-post-thumbnail","6":"product_brand-iconique","7":"product_cat-iconique-brevemente","8":"product_cat-novidades-primavera-verao","10":"first","11":"instock","12":"taxable","13":"shipping-taxable","14":"purchasable","15":"product-type-variable","16":"hongo-alternate-image-wrap"},"_links":{"self":[{"href":"https:\/\/mmurbancouture.pt\/en\/wp-json\/wp\/v2\/product\/102651","targetHints":{"allow":["GET"]}}],"collection":[{"href":"https:\/\/mmurbancouture.pt\/en\/wp-json\/wp\/v2\/product"}],"about":[{"href":"https:\/\/mmurbancouture.pt\/en\/wp-json\/wp\/v2\/types\/product"}],"replies":[{"embeddable":true,"href":"https:\/\/mmurbancouture.pt\/en\/wp-json\/wp\/v2\/comments?post=102651"}],"wp:featuredmedia":[{"embeddable":true,"href":"https:\/\/mmurbancouture.pt\/en\/wp-json\/wp\/v2\/media\/102654"}],"wp:attachment":[{"href":"https:\/\/mmurbancouture.pt\/en\/wp-json\/wp\/v2\/media?parent=102651"}],"wp:term":[{"taxonomy":"product_cat","embeddable":true,"href":"https:\/\/mmurbancouture.pt\/en\/wp-json\/wp\/v2\/product_cat?post=102651"},{"taxonomy":"product_tag","embeddable":true,"href":"https:\/\/mmurbancouture.pt\/en\/wp-json\/wp\/v2\/product_tag?post=102651"}],"curies":[{"name":"wp","href":"https:\/\/api.w.org\/{rel}","templated":true}]}}