{"id":102636,"date":"2026-03-07T17:22:13","date_gmt":"2026-03-07T17:22:13","guid":{"rendered":"https:\/\/mmurbancouture.pt\/?post_type=product&#038;p=102636"},"modified":"2026-04-05T08:30:19","modified_gmt":"2026-04-05T08:30:19","slug":"calcas-de-sarja-retas-lola-casademunt","status":"publish","type":"product","link":"https:\/\/mmurbancouture.pt\/en\/product\/calcas-de-sarja-retas-lola-casademunt\/","title":{"rendered":"Cal\u00e7as de sarja retas Lola Casademunt"},"content":{"rendered":"","protected":false},"excerpt":{"rendered":"<p><b data-path-to-node=\"4\" data-index-in-node=\"0\">O essencial colorido que faltava no seu arm\u00e1rio.<\/b> Estas cal\u00e7as combinam uma silhueta estruturada com detalhes descontra\u00eddos, resultando numa pe\u00e7a vers\u00e1til que se adapta tanto a um look de escrit\u00f3rio como a um passeio de fim de semana.<\/p>","protected":false},"featured_media":102646,"comment_status":"closed","ping_status":"closed","template":"","meta":[],"product_cat":[190,180],"product_tag":[],"class_list":{"0":"post-102636","1":"product","2":"type-product","3":"status-publish","4":"has-post-thumbnail","6":"product_brand-lolacasademunt","7":"product_cat-lola-casademunt","8":"product_cat-novidades-primavera-verao","10":"first","11":"instock","12":"taxable","13":"shipping-taxable","14":"purchasable","15":"product-type-variable","16":"hongo-alternate-image-wrap"},"_links":{"self":[{"href":"https:\/\/mmurbancouture.pt\/en\/wp-json\/wp\/v2\/product\/102636","targetHints":{"allow":["GET"]}}],"collection":[{"href":"https:\/\/mmurbancouture.pt\/en\/wp-json\/wp\/v2\/product"}],"about":[{"href":"https:\/\/mmurbancouture.pt\/en\/wp-json\/wp\/v2\/types\/product"}],"replies":[{"embeddable":true,"href":"https:\/\/mmurbancouture.pt\/en\/wp-json\/wp\/v2\/comments?post=102636"}],"wp:featuredmedia":[{"embeddable":true,"href":"https:\/\/mmurbancouture.pt\/en\/wp-json\/wp\/v2\/media\/102646"}],"wp:attachment":[{"href":"https:\/\/mmurbancouture.pt\/en\/wp-json\/wp\/v2\/media?parent=102636"}],"wp:term":[{"taxonomy":"product_cat","embeddable":true,"href":"https:\/\/mmurbancouture.pt\/en\/wp-json\/wp\/v2\/product_cat?post=102636"},{"taxonomy":"product_tag","embeddable":true,"href":"https:\/\/mmurbancouture.pt\/en\/wp-json\/wp\/v2\/product_tag?post=102636"}],"curies":[{"name":"wp","href":"https:\/\/api.w.org\/{rel}","templated":true}]}}