{"id":102584,"date":"2026-02-28T15:28:53","date_gmt":"2026-02-28T15:28:53","guid":{"rendered":"https:\/\/mmurbancouture.pt\/?post_type=product&#038;p=102584"},"modified":"2026-04-05T08:30:19","modified_gmt":"2026-04-05T08:30:19","slug":"jeans-straight-fit-em-algodao-vicolo","status":"publish","type":"product","link":"https:\/\/mmurbancouture.pt\/en\/product\/jeans-straight-fit-em-algodao-vicolo\/","title":{"rendered":"Jeans straight fit em algod\u00e3o Vicolo"},"content":{"rendered":"","protected":false},"excerpt":{"rendered":"<p>Estes jeans da <b data-path-to-node=\"4\" data-index-in-node=\"20\">Vicolo<\/b> combinam a sofistica\u00e7\u00e3o do corte reto com a leveza da lavagem clara, resultando em uma pe\u00e7a vers\u00e1til e indispens\u00e1vel. Confeccionada em <b data-path-to-node=\"4\" data-index-in-node=\"161\">algod\u00e3o de alta qualidade<\/b>, eles oferecem uma estrutura firme que define a silhueta de forma elegante, mantendo o conforto necess\u00e1rio para o dia a dia.<\/p>","protected":false},"featured_media":102586,"comment_status":"open","ping_status":"closed","template":"","meta":[],"product_cat":[180,195],"product_tag":[],"class_list":{"0":"post-102584","1":"product","2":"type-product","3":"status-publish","4":"has-post-thumbnail","6":"product_brand-vicolo","7":"product_cat-novidades-primavera-verao","8":"product_cat-vicolo-brevemente","10":"first","11":"instock","12":"taxable","13":"shipping-taxable","14":"purchasable","15":"product-type-variable","16":"hongo-alternate-image-wrap"},"_links":{"self":[{"href":"https:\/\/mmurbancouture.pt\/en\/wp-json\/wp\/v2\/product\/102584","targetHints":{"allow":["GET"]}}],"collection":[{"href":"https:\/\/mmurbancouture.pt\/en\/wp-json\/wp\/v2\/product"}],"about":[{"href":"https:\/\/mmurbancouture.pt\/en\/wp-json\/wp\/v2\/types\/product"}],"replies":[{"embeddable":true,"href":"https:\/\/mmurbancouture.pt\/en\/wp-json\/wp\/v2\/comments?post=102584"}],"wp:featuredmedia":[{"embeddable":true,"href":"https:\/\/mmurbancouture.pt\/en\/wp-json\/wp\/v2\/media\/102586"}],"wp:attachment":[{"href":"https:\/\/mmurbancouture.pt\/en\/wp-json\/wp\/v2\/media?parent=102584"}],"wp:term":[{"taxonomy":"product_cat","embeddable":true,"href":"https:\/\/mmurbancouture.pt\/en\/wp-json\/wp\/v2\/product_cat?post=102584"},{"taxonomy":"product_tag","embeddable":true,"href":"https:\/\/mmurbancouture.pt\/en\/wp-json\/wp\/v2\/product_tag?post=102584"}],"curies":[{"name":"wp","href":"https:\/\/api.w.org\/{rel}","templated":true}]}}