{"id":102521,"date":"2026-02-28T12:27:00","date_gmt":"2026-02-28T12:27:00","guid":{"rendered":"https:\/\/mmurbancouture.pt\/?post_type=product&#038;p=102521"},"modified":"2026-04-05T08:30:19","modified_gmt":"2026-04-05T08:30:19","slug":"saia-evase-em-tecido-plano-eleh","status":"publish","type":"product","link":"https:\/\/mmurbancouture.pt\/en\/product\/saia-evase-em-tecido-plano-eleh\/","title":{"rendered":"Saia evas\u00e9 em tecido plano Eleh"},"content":{"rendered":"","protected":false},"excerpt":{"rendered":"<p>Esta saia da Eleh \u00e9 a defini\u00e7\u00e3o de eleg\u00e2ncia descomplicada. Com um corte <b data-path-to-node=\"4\" data-index-in-node=\"72\">evas\u00e9 estruturado<\/b>, esta pe\u00e7a oferece um volume sutil e moderno que valoriza a silhueta sem abrir m\u00e3o do conforto. Seu design limpo e o tom <b data-path-to-node=\"4\" data-index-in-node=\"211\">off white<\/b> a tornam um item indispens\u00e1vel para quem busca o conceito de <i data-path-to-node=\"4\" data-index-in-node=\"282\">quiet luxury<\/i>.<\/p>","protected":false},"featured_media":102523,"comment_status":"open","ping_status":"closed","template":"","meta":[],"product_cat":[192,180],"product_tag":[],"class_list":{"0":"post-102521","1":"product","2":"type-product","3":"status-publish","4":"has-post-thumbnail","6":"product_brand-eleh","7":"product_cat-eleh","8":"product_cat-novidades-primavera-verao","10":"first","11":"instock","12":"taxable","13":"shipping-taxable","14":"purchasable","15":"product-type-variable","16":"hongo-alternate-image-wrap"},"_links":{"self":[{"href":"https:\/\/mmurbancouture.pt\/en\/wp-json\/wp\/v2\/product\/102521","targetHints":{"allow":["GET"]}}],"collection":[{"href":"https:\/\/mmurbancouture.pt\/en\/wp-json\/wp\/v2\/product"}],"about":[{"href":"https:\/\/mmurbancouture.pt\/en\/wp-json\/wp\/v2\/types\/product"}],"replies":[{"embeddable":true,"href":"https:\/\/mmurbancouture.pt\/en\/wp-json\/wp\/v2\/comments?post=102521"}],"wp:featuredmedia":[{"embeddable":true,"href":"https:\/\/mmurbancouture.pt\/en\/wp-json\/wp\/v2\/media\/102523"}],"wp:attachment":[{"href":"https:\/\/mmurbancouture.pt\/en\/wp-json\/wp\/v2\/media?parent=102521"}],"wp:term":[{"taxonomy":"product_cat","embeddable":true,"href":"https:\/\/mmurbancouture.pt\/en\/wp-json\/wp\/v2\/product_cat?post=102521"},{"taxonomy":"product_tag","embeddable":true,"href":"https:\/\/mmurbancouture.pt\/en\/wp-json\/wp\/v2\/product_tag?post=102521"}],"curies":[{"name":"wp","href":"https:\/\/api.w.org\/{rel}","templated":true}]}}