{"id":102496,"date":"2026-02-26T23:59:26","date_gmt":"2026-02-26T23:59:26","guid":{"rendered":"https:\/\/mmurbancouture.pt\/?post_type=product&#038;p=102496"},"modified":"2026-04-15T09:10:28","modified_gmt":"2026-04-15T09:10:28","slug":"calca-pantalona-risca-de-giz-eleh","status":"publish","type":"product","link":"https:\/\/mmurbancouture.pt\/en\/product\/calca-pantalona-risca-de-giz-eleh\/","title":{"rendered":"Cal\u00e7a pantalona risca de giz"},"content":{"rendered":"<div class=\"xs_social_share_widget xs_share_url after_content \t\tmain_content  wslu-style-1 wslu-share-box-shaped wslu-fill-colored wslu-none wslu-share-horizontal wslu-theme-font-no wslu-main_content\">\n\n\t\t\n        <ul>\n\t\t\t        <\/ul>\n    <\/div>","protected":false},"excerpt":{"rendered":"<p>A <b data-path-to-node=\"3\" data-index-in-node=\"2\">Cal\u00e7a Pantalona Eleh<\/b> \u00e9 a tradu\u00e7\u00e3o da eleg\u00e2ncia despretensiosa. Com uma modelagem de pernas amplas e corte impec\u00e1vel, esta pe\u00e7a utiliza a cl\u00e1ssica estampa <b data-path-to-node=\"3\" data-index-in-node=\"156\">risca de giz<\/b> para criar um visual alongado e extremamente sofisticado. \u00c9 a escolha perfeita para quem busca o frescor de um look claro com a autoridade da alfaiataria moderna.<\/p>","protected":false},"featured_media":103161,"comment_status":"open","ping_status":"closed","template":"","meta":[],"product_cat":[192,180],"product_tag":[],"woo-feed-brand":[],"class_list":{"0":"post-102496","1":"product","2":"type-product","3":"status-publish","4":"has-post-thumbnail","6":"product_brand-eleh","7":"product_cat-eleh","8":"product_cat-novidades-primavera-verao","10":"first","11":"instock","12":"taxable","13":"shipping-taxable","14":"purchasable","15":"product-type-variable","16":"hongo-alternate-image-wrap"},"_links":{"self":[{"href":"https:\/\/mmurbancouture.pt\/en\/wp-json\/wp\/v2\/product\/102496","targetHints":{"allow":["GET"]}}],"collection":[{"href":"https:\/\/mmurbancouture.pt\/en\/wp-json\/wp\/v2\/product"}],"about":[{"href":"https:\/\/mmurbancouture.pt\/en\/wp-json\/wp\/v2\/types\/product"}],"replies":[{"embeddable":true,"href":"https:\/\/mmurbancouture.pt\/en\/wp-json\/wp\/v2\/comments?post=102496"}],"wp:featuredmedia":[{"embeddable":true,"href":"https:\/\/mmurbancouture.pt\/en\/wp-json\/wp\/v2\/media\/103161"}],"wp:attachment":[{"href":"https:\/\/mmurbancouture.pt\/en\/wp-json\/wp\/v2\/media?parent=102496"}],"wp:term":[{"taxonomy":"product_cat","embeddable":true,"href":"https:\/\/mmurbancouture.pt\/en\/wp-json\/wp\/v2\/product_cat?post=102496"},{"taxonomy":"product_tag","embeddable":true,"href":"https:\/\/mmurbancouture.pt\/en\/wp-json\/wp\/v2\/product_tag?post=102496"},{"taxonomy":"woo-feed-brand","embeddable":true,"href":"https:\/\/mmurbancouture.pt\/en\/wp-json\/wp\/v2\/woo-feed-brand?post=102496"}],"curies":[{"name":"wp","href":"https:\/\/api.w.org\/{rel}","templated":true}]}}