{"id":102486,"date":"2026-02-26T19:17:59","date_gmt":"2026-02-26T19:17:59","guid":{"rendered":"https:\/\/mmurbancouture.pt\/?post_type=product&#038;p=102486"},"modified":"2026-04-15T09:10:28","modified_gmt":"2026-04-15T09:10:28","slug":"colete-com-botoes-e-bolsos-embutidos-eleh","status":"publish","type":"product","link":"https:\/\/mmurbancouture.pt\/en\/product\/colete-com-botoes-e-bolsos-embutidos-eleh\/","title":{"rendered":"Colete com bot\u00f5es e bolsos embutidos"},"content":{"rendered":"<div class=\"xs_social_share_widget xs_share_url after_content \t\tmain_content  wslu-style-1 wslu-share-box-shaped wslu-fill-colored wslu-none wslu-share-horizontal wslu-theme-font-no wslu-main_content\">\n\n\t\t\n        <ul>\n\t\t\t        <\/ul>\n    <\/div>","protected":false},"excerpt":{"rendered":"<p>\u00c9 a pe\u00e7a que faltava para elevar suas produ\u00e7\u00f5es de ver\u00e3o com um toque de alfaiataria cl\u00e1ssica. Com uma releitura moderna da ic\u00f4nica estampa <b data-path-to-node=\"4\" data-index-in-node=\"162\">risca de giz<\/b>, este colete apresenta um corte curto (cropped) que valoriza a silhueta, mantendo a eleg\u00e2ncia atemporal da marca.<\/p>","protected":false},"featured_media":102568,"comment_status":"open","ping_status":"closed","template":"","meta":[],"product_cat":[192,180],"product_tag":[],"woo-feed-brand":[],"class_list":{"0":"post-102486","1":"product","2":"type-product","3":"status-publish","4":"has-post-thumbnail","6":"product_brand-eleh","7":"product_cat-eleh","8":"product_cat-novidades-primavera-verao","10":"first","11":"instock","12":"taxable","13":"shipping-taxable","14":"purchasable","15":"product-type-variable","16":"hongo-alternate-image-wrap"},"_links":{"self":[{"href":"https:\/\/mmurbancouture.pt\/en\/wp-json\/wp\/v2\/product\/102486","targetHints":{"allow":["GET"]}}],"collection":[{"href":"https:\/\/mmurbancouture.pt\/en\/wp-json\/wp\/v2\/product"}],"about":[{"href":"https:\/\/mmurbancouture.pt\/en\/wp-json\/wp\/v2\/types\/product"}],"replies":[{"embeddable":true,"href":"https:\/\/mmurbancouture.pt\/en\/wp-json\/wp\/v2\/comments?post=102486"}],"wp:featuredmedia":[{"embeddable":true,"href":"https:\/\/mmurbancouture.pt\/en\/wp-json\/wp\/v2\/media\/102568"}],"wp:attachment":[{"href":"https:\/\/mmurbancouture.pt\/en\/wp-json\/wp\/v2\/media?parent=102486"}],"wp:term":[{"taxonomy":"product_cat","embeddable":true,"href":"https:\/\/mmurbancouture.pt\/en\/wp-json\/wp\/v2\/product_cat?post=102486"},{"taxonomy":"product_tag","embeddable":true,"href":"https:\/\/mmurbancouture.pt\/en\/wp-json\/wp\/v2\/product_tag?post=102486"},{"taxonomy":"woo-feed-brand","embeddable":true,"href":"https:\/\/mmurbancouture.pt\/en\/wp-json\/wp\/v2\/woo-feed-brand?post=102486"}],"curies":[{"name":"wp","href":"https:\/\/api.w.org\/{rel}","templated":true}]}}