{"id":102472,"date":"2026-02-26T18:51:10","date_gmt":"2026-02-26T18:51:10","guid":{"rendered":"https:\/\/mmurbancouture.pt\/?post_type=product&#038;p=102472"},"modified":"2026-04-15T09:10:28","modified_gmt":"2026-04-15T09:10:28","slug":"top-off-white-em-algodao-eleh","status":"publish","type":"product","link":"https:\/\/mmurbancouture.pt\/en\/product\/top-off-white-em-algodao-eleh\/","title":{"rendered":"Top  off-white em algod\u00e3o"},"content":{"rendered":"<div class=\"xs_social_share_widget xs_share_url after_content \t\tmain_content  wslu-style-1 wslu-share-box-shaped wslu-fill-colored wslu-none wslu-share-horizontal wslu-theme-font-no wslu-main_content\">\n\n\t\t\n        <ul>\n\t\t\t        <\/ul>\n    <\/div>","protected":false},"excerpt":{"rendered":"<p>Eleve o seu guarda-roupa casual com o <b data-path-to-node=\"4\" data-index-in-node=\"38\">Top Eleh<\/b>, uma pe\u00e7a que une a nobreza do <b data-path-to-node=\"4\" data-index-in-node=\"78\">algod\u00e3o<\/b> a um design contempor\u00e2neo e rom\u00e2ntico. Com um corte evas\u00ea que prioriza o movimento, este top se destaca pelo decote adornado com babados volumosos e pregas frontais que conferem uma textura \u00fanica e sofisticada.<\/p>","protected":false},"featured_media":102557,"comment_status":"open","ping_status":"closed","template":"","meta":[],"product_cat":[192,180],"product_tag":[],"woo-feed-brand":[],"class_list":{"0":"post-102472","1":"product","2":"type-product","3":"status-publish","4":"has-post-thumbnail","6":"product_brand-eleh","7":"product_cat-eleh","8":"product_cat-novidades-primavera-verao","10":"first","11":"instock","12":"taxable","13":"shipping-taxable","14":"purchasable","15":"product-type-variable","16":"hongo-alternate-image-wrap"},"_links":{"self":[{"href":"https:\/\/mmurbancouture.pt\/en\/wp-json\/wp\/v2\/product\/102472","targetHints":{"allow":["GET"]}}],"collection":[{"href":"https:\/\/mmurbancouture.pt\/en\/wp-json\/wp\/v2\/product"}],"about":[{"href":"https:\/\/mmurbancouture.pt\/en\/wp-json\/wp\/v2\/types\/product"}],"replies":[{"embeddable":true,"href":"https:\/\/mmurbancouture.pt\/en\/wp-json\/wp\/v2\/comments?post=102472"}],"wp:featuredmedia":[{"embeddable":true,"href":"https:\/\/mmurbancouture.pt\/en\/wp-json\/wp\/v2\/media\/102557"}],"wp:attachment":[{"href":"https:\/\/mmurbancouture.pt\/en\/wp-json\/wp\/v2\/media?parent=102472"}],"wp:term":[{"taxonomy":"product_cat","embeddable":true,"href":"https:\/\/mmurbancouture.pt\/en\/wp-json\/wp\/v2\/product_cat?post=102472"},{"taxonomy":"product_tag","embeddable":true,"href":"https:\/\/mmurbancouture.pt\/en\/wp-json\/wp\/v2\/product_tag?post=102472"},{"taxonomy":"woo-feed-brand","embeddable":true,"href":"https:\/\/mmurbancouture.pt\/en\/wp-json\/wp\/v2\/woo-feed-brand?post=102472"}],"curies":[{"name":"wp","href":"https:\/\/api.w.org\/{rel}","templated":true}]}}