{"id":102426,"date":"2026-02-25T11:26:20","date_gmt":"2026-02-25T11:26:20","guid":{"rendered":"https:\/\/mmurbancouture.pt\/?post_type=product&#038;p=102426"},"modified":"2026-04-15T09:10:28","modified_gmt":"2026-04-15T09:10:28","slug":"malha-jacquard-com-contraste-de-golas-by-maite","status":"publish","type":"product","link":"https:\/\/mmurbancouture.pt\/en\/product\/malha-jacquard-com-contraste-de-golas-by-maite\/","title":{"rendered":"Malha jacquard com contraste de golas"},"content":{"rendered":"<div class=\"xs_social_share_widget xs_share_url after_content \t\tmain_content  wslu-style-1 wslu-share-box-shaped wslu-fill-colored wslu-none wslu-share-horizontal wslu-theme-font-no wslu-main_content\">\n\n\t\t\n        <ul>\n\t\t\t        <\/ul>\n    <\/div>","protected":false},"excerpt":{"rendered":"<p data-start=\"125\" data-end=\"401\">Malha jacquard com padr\u00e3o animal de forte impacto visual, real\u00e7ado por acabamentos em contraste que acrescentam um toque contempor\u00e2neo e irreverente. O decote redondo e as mangas compridas, aliados ao corte de ajuste descontra\u00eddo, garantem conforto e eleg\u00e2ncia numa s\u00f3 pe\u00e7a.<\/p>\n<p data-start=\"403\" data-end=\"604\" data-is-last-node=\"\" data-is-only-node=\"\">Vers\u00e1til e moderna, \u00e9 ideal para criar looks urbanos cheios de personalidade \u2014 combine com cal\u00e7as cl\u00e1ssicas para um visual equilibrado ou aposte em coordenados mais ousados para um <em>statement<\/em> de estilo<\/p>","protected":false},"featured_media":102427,"comment_status":"open","ping_status":"closed","template":"","meta":[],"product_cat":[191,180],"product_tag":[],"woo-feed-brand":[],"class_list":{"0":"post-102426","1":"product","2":"type-product","3":"status-publish","4":"has-post-thumbnail","6":"product_brand-maite-by-cadademunt","7":"product_cat-lola-casademunt-by-maite","8":"product_cat-novidades-primavera-verao","10":"first","11":"instock","12":"taxable","13":"shipping-taxable","14":"purchasable","15":"product-type-variable","16":"hongo-alternate-image-wrap"},"_links":{"self":[{"href":"https:\/\/mmurbancouture.pt\/en\/wp-json\/wp\/v2\/product\/102426","targetHints":{"allow":["GET"]}}],"collection":[{"href":"https:\/\/mmurbancouture.pt\/en\/wp-json\/wp\/v2\/product"}],"about":[{"href":"https:\/\/mmurbancouture.pt\/en\/wp-json\/wp\/v2\/types\/product"}],"replies":[{"embeddable":true,"href":"https:\/\/mmurbancouture.pt\/en\/wp-json\/wp\/v2\/comments?post=102426"}],"wp:featuredmedia":[{"embeddable":true,"href":"https:\/\/mmurbancouture.pt\/en\/wp-json\/wp\/v2\/media\/102427"}],"wp:attachment":[{"href":"https:\/\/mmurbancouture.pt\/en\/wp-json\/wp\/v2\/media?parent=102426"}],"wp:term":[{"taxonomy":"product_cat","embeddable":true,"href":"https:\/\/mmurbancouture.pt\/en\/wp-json\/wp\/v2\/product_cat?post=102426"},{"taxonomy":"product_tag","embeddable":true,"href":"https:\/\/mmurbancouture.pt\/en\/wp-json\/wp\/v2\/product_tag?post=102426"},{"taxonomy":"woo-feed-brand","embeddable":true,"href":"https:\/\/mmurbancouture.pt\/en\/wp-json\/wp\/v2\/woo-feed-brand?post=102426"}],"curies":[{"name":"wp","href":"https:\/\/api.w.org\/{rel}","templated":true}]}}