{"id":102385,"date":"2026-02-23T19:03:17","date_gmt":"2026-02-23T19:03:17","guid":{"rendered":"https:\/\/mmurbancouture.pt\/?post_type=product&#038;p=102385"},"modified":"2026-04-15T08:17:42","modified_gmt":"2026-04-15T08:17:42","slug":"cardigan-com-botoes-de-coracao-lola-casademunt","status":"publish","type":"product","link":"https:\/\/mmurbancouture.pt\/en\/product\/cardigan-com-botoes-de-coracao-lola-casademunt\/","title":{"rendered":"Cardigan com bot\u00f5es de cora\u00e7\u00e3o"},"content":{"rendered":"<div class=\"xs_social_share_widget xs_share_url after_content \t\tmain_content  wslu-style-1 wslu-share-box-shaped wslu-fill-colored wslu-none wslu-share-horizontal wslu-theme-font-no wslu-main_content\">\n\n\t\t\n        <ul>\n\t\t\t        <\/ul>\n    <\/div>","protected":false},"excerpt":{"rendered":"<p><span class=\"\">Este cardigan de manga curta redefine o conceito de b\u00e1sico sofisticado.<\/span><span class=\"\"> Confeccionado num tricot de toque macio e caimento estruturado,<\/span><span class=\"\"> a pe\u00e7a apresenta um contraste gr\u00e1fico em preto e branco que remete \u00e0 eleg\u00e2ncia atemporal da alfaiataria francesa,<\/span><span class=\"\"> mas com a leveza necess\u00e1ria para o dia a dia.<\/span><\/p>","protected":false},"featured_media":102386,"comment_status":"open","ping_status":"closed","template":"","meta":[],"product_cat":[190,180],"product_tag":[],"woo-feed-brand":[],"class_list":{"0":"post-102385","1":"product","2":"type-product","3":"status-publish","4":"has-post-thumbnail","6":"product_brand-lolacasademunt","7":"product_cat-lola-casademunt","8":"product_cat-novidades-primavera-verao","10":"first","11":"instock","12":"taxable","13":"shipping-taxable","14":"purchasable","15":"product-type-variable","16":"hongo-alternate-image-wrap"},"_links":{"self":[{"href":"https:\/\/mmurbancouture.pt\/en\/wp-json\/wp\/v2\/product\/102385","targetHints":{"allow":["GET"]}}],"collection":[{"href":"https:\/\/mmurbancouture.pt\/en\/wp-json\/wp\/v2\/product"}],"about":[{"href":"https:\/\/mmurbancouture.pt\/en\/wp-json\/wp\/v2\/types\/product"}],"replies":[{"embeddable":true,"href":"https:\/\/mmurbancouture.pt\/en\/wp-json\/wp\/v2\/comments?post=102385"}],"wp:featuredmedia":[{"embeddable":true,"href":"https:\/\/mmurbancouture.pt\/en\/wp-json\/wp\/v2\/media\/102386"}],"wp:attachment":[{"href":"https:\/\/mmurbancouture.pt\/en\/wp-json\/wp\/v2\/media?parent=102385"}],"wp:term":[{"taxonomy":"product_cat","embeddable":true,"href":"https:\/\/mmurbancouture.pt\/en\/wp-json\/wp\/v2\/product_cat?post=102385"},{"taxonomy":"product_tag","embeddable":true,"href":"https:\/\/mmurbancouture.pt\/en\/wp-json\/wp\/v2\/product_tag?post=102385"},{"taxonomy":"woo-feed-brand","embeddable":true,"href":"https:\/\/mmurbancouture.pt\/en\/wp-json\/wp\/v2\/woo-feed-brand?post=102385"}],"curies":[{"name":"wp","href":"https:\/\/api.w.org\/{rel}","templated":true}]}}