{"id":102328,"date":"2026-02-22T16:06:31","date_gmt":"2026-02-22T16:06:31","guid":{"rendered":"https:\/\/mmurbancouture.pt\/?post_type=product&#038;p=102328"},"modified":"2026-04-14T15:01:04","modified_gmt":"2026-04-14T15:01:04","slug":"t-shirt-oversized-em-algodao-eleh","status":"publish","type":"product","link":"https:\/\/mmurbancouture.pt\/en\/product\/t-shirt-oversized-em-algodao-eleh\/","title":{"rendered":"T-shirt oversized em algod\u00e3o"},"content":{"rendered":"<div class=\"xs_social_share_widget xs_share_url after_content \t\tmain_content  wslu-style-1 wslu-share-box-shaped wslu-fill-colored wslu-none wslu-share-horizontal wslu-theme-font-no wslu-main_content\">\n\n\t\t\n        <ul>\n\t\t\t        <\/ul>\n    <\/div>","protected":false},"excerpt":{"rendered":"<p>Redefina o conceito de &#8220;b\u00e1sico&#8221; com esta t-shirt em algod\u00e3o premium da Eleh. Desenhada com uma silhueta <b data-path-to-node=\"4\" data-index-in-node=\"104\">oversized<\/b> e ombros ligeiramente desca\u00eddos, esta pe\u00e7a oferece o equil\u00edbrio perfeito entre o conforto descontra\u00eddo e uma estrutura sofisticada que mant\u00e9m a forma ao longo do dia.<\/p>","protected":false},"featured_media":102561,"comment_status":"open","ping_status":"closed","template":"","meta":[],"product_cat":[192,180],"product_tag":[],"woo-feed-brand":[],"class_list":{"0":"post-102328","1":"product","2":"type-product","3":"status-publish","4":"has-post-thumbnail","6":"product_brand-eleh","7":"product_cat-eleh","8":"product_cat-novidades-primavera-verao","10":"first","11":"instock","12":"taxable","13":"shipping-taxable","14":"purchasable","15":"product-type-variable","16":"hongo-alternate-image-wrap"},"_links":{"self":[{"href":"https:\/\/mmurbancouture.pt\/en\/wp-json\/wp\/v2\/product\/102328","targetHints":{"allow":["GET"]}}],"collection":[{"href":"https:\/\/mmurbancouture.pt\/en\/wp-json\/wp\/v2\/product"}],"about":[{"href":"https:\/\/mmurbancouture.pt\/en\/wp-json\/wp\/v2\/types\/product"}],"replies":[{"embeddable":true,"href":"https:\/\/mmurbancouture.pt\/en\/wp-json\/wp\/v2\/comments?post=102328"}],"wp:featuredmedia":[{"embeddable":true,"href":"https:\/\/mmurbancouture.pt\/en\/wp-json\/wp\/v2\/media\/102561"}],"wp:attachment":[{"href":"https:\/\/mmurbancouture.pt\/en\/wp-json\/wp\/v2\/media?parent=102328"}],"wp:term":[{"taxonomy":"product_cat","embeddable":true,"href":"https:\/\/mmurbancouture.pt\/en\/wp-json\/wp\/v2\/product_cat?post=102328"},{"taxonomy":"product_tag","embeddable":true,"href":"https:\/\/mmurbancouture.pt\/en\/wp-json\/wp\/v2\/product_tag?post=102328"},{"taxonomy":"woo-feed-brand","embeddable":true,"href":"https:\/\/mmurbancouture.pt\/en\/wp-json\/wp\/v2\/woo-feed-brand?post=102328"}],"curies":[{"name":"wp","href":"https:\/\/api.w.org\/{rel}","templated":true}]}}