{"id":102307,"date":"2026-02-22T02:21:34","date_gmt":"2026-02-22T02:21:34","guid":{"rendered":"https:\/\/mmurbancouture.pt\/?post_type=product&#038;p=102307"},"modified":"2026-04-15T09:10:28","modified_gmt":"2026-04-15T09:10:28","slug":"top-com-drapeado-escultural-eleh","status":"publish","type":"product","link":"https:\/\/mmurbancouture.pt\/en\/product\/top-com-drapeado-escultural-eleh\/","title":{"rendered":"Top com drapeado escultural"},"content":{"rendered":"<div class=\"xs_social_share_widget xs_share_url after_content \t\tmain_content  wslu-style-1 wslu-share-box-shaped wslu-fill-colored wslu-none wslu-share-horizontal wslu-theme-font-no wslu-main_content\">\n\n\t\t\n        <ul>\n\t\t\t        <\/ul>\n    <\/div>","protected":false},"excerpt":{"rendered":"<p>Descubra a eleg\u00e2ncia do movimento com este top de silhueta halter em tom areia. A sua composi\u00e7\u00e3o equilibrada oferece a frescura natural das fibras bot\u00e2nicas com um cair sedoso e leve, garantido pelo Rayon. O design destaca-se pelo <b data-path-to-node=\"3,0\" data-index-in-node=\"316\">drapeado plissado<\/b> que nasce do decote, criando um volume et\u00e9reo que flui delicadamente sobre o corpo. Uma pe\u00e7a vers\u00e1til que transita perfeitamente de um look de dia casual para um evento de ver\u00e3o sofisticado.<\/p>","protected":false},"featured_media":102555,"comment_status":"closed","ping_status":"closed","template":"","meta":[],"product_cat":[192,180],"product_tag":[],"woo-feed-brand":[],"class_list":{"0":"post-102307","1":"product","2":"type-product","3":"status-publish","4":"has-post-thumbnail","6":"product_brand-eleh","7":"product_cat-eleh","8":"product_cat-novidades-primavera-verao","10":"first","11":"instock","12":"taxable","13":"shipping-taxable","14":"purchasable","15":"product-type-variable","16":"hongo-alternate-image-wrap"},"_links":{"self":[{"href":"https:\/\/mmurbancouture.pt\/en\/wp-json\/wp\/v2\/product\/102307","targetHints":{"allow":["GET"]}}],"collection":[{"href":"https:\/\/mmurbancouture.pt\/en\/wp-json\/wp\/v2\/product"}],"about":[{"href":"https:\/\/mmurbancouture.pt\/en\/wp-json\/wp\/v2\/types\/product"}],"replies":[{"embeddable":true,"href":"https:\/\/mmurbancouture.pt\/en\/wp-json\/wp\/v2\/comments?post=102307"}],"wp:featuredmedia":[{"embeddable":true,"href":"https:\/\/mmurbancouture.pt\/en\/wp-json\/wp\/v2\/media\/102555"}],"wp:attachment":[{"href":"https:\/\/mmurbancouture.pt\/en\/wp-json\/wp\/v2\/media?parent=102307"}],"wp:term":[{"taxonomy":"product_cat","embeddable":true,"href":"https:\/\/mmurbancouture.pt\/en\/wp-json\/wp\/v2\/product_cat?post=102307"},{"taxonomy":"product_tag","embeddable":true,"href":"https:\/\/mmurbancouture.pt\/en\/wp-json\/wp\/v2\/product_tag?post=102307"},{"taxonomy":"woo-feed-brand","embeddable":true,"href":"https:\/\/mmurbancouture.pt\/en\/wp-json\/wp\/v2\/woo-feed-brand?post=102307"}],"curies":[{"name":"wp","href":"https:\/\/api.w.org\/{rel}","templated":true}]}}