{"id":102294,"date":"2026-02-22T01:58:51","date_gmt":"2026-02-22T01:58:51","guid":{"rendered":"https:\/\/mmurbancouture.pt\/?post_type=product&#038;p=102294"},"modified":"2026-04-15T09:10:28","modified_gmt":"2026-04-15T09:10:28","slug":"calcas-wide-leg-em-branco-marfim","status":"publish","type":"product","link":"https:\/\/mmurbancouture.pt\/en\/product\/calcas-wide-leg-em-branco-marfim\/","title":{"rendered":"Cal\u00e7as wide leg em branco marfim"},"content":{"rendered":"<div class=\"xs_social_share_widget xs_share_url after_content \t\tmain_content  wslu-style-1 wslu-share-box-shaped wslu-fill-colored wslu-none wslu-share-horizontal wslu-theme-font-no wslu-main_content\">\n\n\t\t\n        <ul>\n\t\t\t        <\/ul>\n    <\/div>","protected":false},"excerpt":{"rendered":"<p>Eleve o seu guarda-roupa de essenciais com estas cal\u00e7as de perna larga, desenhadas para criar uma linha vertical infinita e sofisticada. A sua composi\u00e7\u00e3o t\u00e9cnica proporciona o equil\u00edbrio perfeito: o aspeto nobre do crepe com a flexibilidade necess\u00e1ria para um movimento sem restri\u00e7\u00f5es. Com uma <b data-path-to-node=\"3,0\" data-index-in-node=\"390\">cintura subida estruturada e pin\u00e7as subtis<\/b>, esta pe\u00e7a em branco marfim oferece um caimento pesado e fluido que n\u00e3o amarrota, mantendo-a impec\u00e1vel de manh\u00e3 \u00e0 noite<\/p>","protected":false},"featured_media":103191,"comment_status":"open","ping_status":"closed","template":"","meta":[],"product_cat":[192,180],"product_tag":[],"woo-feed-brand":[],"class_list":{"0":"post-102294","1":"product","2":"type-product","3":"status-publish","4":"has-post-thumbnail","6":"product_brand-eleh","7":"product_cat-eleh","8":"product_cat-novidades-primavera-verao","10":"first","11":"instock","12":"taxable","13":"shipping-taxable","14":"purchasable","15":"product-type-variable","16":"hongo-alternate-image-wrap"},"_links":{"self":[{"href":"https:\/\/mmurbancouture.pt\/en\/wp-json\/wp\/v2\/product\/102294","targetHints":{"allow":["GET"]}}],"collection":[{"href":"https:\/\/mmurbancouture.pt\/en\/wp-json\/wp\/v2\/product"}],"about":[{"href":"https:\/\/mmurbancouture.pt\/en\/wp-json\/wp\/v2\/types\/product"}],"replies":[{"embeddable":true,"href":"https:\/\/mmurbancouture.pt\/en\/wp-json\/wp\/v2\/comments?post=102294"}],"wp:featuredmedia":[{"embeddable":true,"href":"https:\/\/mmurbancouture.pt\/en\/wp-json\/wp\/v2\/media\/103191"}],"wp:attachment":[{"href":"https:\/\/mmurbancouture.pt\/en\/wp-json\/wp\/v2\/media?parent=102294"}],"wp:term":[{"taxonomy":"product_cat","embeddable":true,"href":"https:\/\/mmurbancouture.pt\/en\/wp-json\/wp\/v2\/product_cat?post=102294"},{"taxonomy":"product_tag","embeddable":true,"href":"https:\/\/mmurbancouture.pt\/en\/wp-json\/wp\/v2\/product_tag?post=102294"},{"taxonomy":"woo-feed-brand","embeddable":true,"href":"https:\/\/mmurbancouture.pt\/en\/wp-json\/wp\/v2\/woo-feed-brand?post=102294"}],"curies":[{"name":"wp","href":"https:\/\/api.w.org\/{rel}","templated":true}]}}