{"id":102289,"date":"2026-02-21T16:59:47","date_gmt":"2026-02-21T16:59:47","guid":{"rendered":"https:\/\/mmurbancouture.pt\/?post_type=product&#038;p=102289"},"modified":"2026-04-15T09:10:28","modified_gmt":"2026-04-15T09:10:28","slug":"top-de-malha-ajustado-second-skin-eleh","status":"publish","type":"product","link":"https:\/\/mmurbancouture.pt\/en\/product\/top-de-malha-ajustado-second-skin-eleh\/","title":{"rendered":"Top de malha ajustado &#8220;Second Skin&#8221;"},"content":{"rendered":"<div class=\"xs_social_share_widget xs_share_url after_content \t\tmain_content  wslu-style-1 wslu-share-box-shaped wslu-fill-colored wslu-none wslu-share-horizontal wslu-theme-font-no wslu-main_content\">\n\n\t\t\n        <ul>\n\t\t\t        <\/ul>\n    <\/div>","protected":false},"excerpt":{"rendered":"<p><b data-path-to-node=\"3,0\" data-index-in-node=\"0\">Top Crop &#8220;Second Skin&#8221; em Modal-Stretch &#8211; Eleh<\/b> Eleve os seus b\u00e1sicos com este top crop de design minimalista e esp\u00edrito jovem. Confeccionado numa mistura luxuosa de <b data-path-to-node=\"3,0\" data-index-in-node=\"165\">68.7% modal<\/b>, proporciona um toque ultra-suave e respir\u00e1vel, enquanto o poli\u00e9ster e o elastano garantem um ajuste firme que esculpe a silhueta. Com um decote redondo cl\u00e1ssico e cavas acentuadas estilo <i data-path-to-node=\"3,0\" data-index-in-node=\"365\">racerback<\/i>, este top em tom camel \u00e9 a base perfeita para looks de inspira\u00e7\u00e3o <i data-path-to-node=\"3,0\" data-index-in-node=\"441\">streetwear<\/i> ou camadas sofisticadas. Dispon\u00edvel em camel e em preto.<\/p>","protected":false},"featured_media":102554,"comment_status":"open","ping_status":"closed","template":"","meta":[],"product_cat":[192,180],"product_tag":[],"woo-feed-brand":[],"class_list":{"0":"post-102289","1":"product","2":"type-product","3":"status-publish","4":"has-post-thumbnail","6":"product_brand-eleh","7":"product_cat-eleh","8":"product_cat-novidades-primavera-verao","10":"first","11":"instock","12":"taxable","13":"shipping-taxable","14":"purchasable","15":"product-type-variable","16":"hongo-alternate-image-wrap"},"_links":{"self":[{"href":"https:\/\/mmurbancouture.pt\/en\/wp-json\/wp\/v2\/product\/102289","targetHints":{"allow":["GET"]}}],"collection":[{"href":"https:\/\/mmurbancouture.pt\/en\/wp-json\/wp\/v2\/product"}],"about":[{"href":"https:\/\/mmurbancouture.pt\/en\/wp-json\/wp\/v2\/types\/product"}],"replies":[{"embeddable":true,"href":"https:\/\/mmurbancouture.pt\/en\/wp-json\/wp\/v2\/comments?post=102289"}],"wp:featuredmedia":[{"embeddable":true,"href":"https:\/\/mmurbancouture.pt\/en\/wp-json\/wp\/v2\/media\/102554"}],"wp:attachment":[{"href":"https:\/\/mmurbancouture.pt\/en\/wp-json\/wp\/v2\/media?parent=102289"}],"wp:term":[{"taxonomy":"product_cat","embeddable":true,"href":"https:\/\/mmurbancouture.pt\/en\/wp-json\/wp\/v2\/product_cat?post=102289"},{"taxonomy":"product_tag","embeddable":true,"href":"https:\/\/mmurbancouture.pt\/en\/wp-json\/wp\/v2\/product_tag?post=102289"},{"taxonomy":"woo-feed-brand","embeddable":true,"href":"https:\/\/mmurbancouture.pt\/en\/wp-json\/wp\/v2\/woo-feed-brand?post=102289"}],"curies":[{"name":"wp","href":"https:\/\/api.w.org\/{rel}","templated":true}]}}