{"id":102258,"date":"2026-02-21T16:21:37","date_gmt":"2026-02-21T16:21:37","guid":{"rendered":"https:\/\/mmurbancouture.pt\/?post_type=product&#038;p=102258"},"modified":"2026-04-15T09:10:27","modified_gmt":"2026-04-15T09:10:27","slug":"bandoleira-com-tachas-e-textura-by-maite","status":"publish","type":"product","link":"https:\/\/mmurbancouture.pt\/en\/product\/bandoleira-com-tachas-e-textura-by-maite\/","title":{"rendered":"Bandoleira com tachas e textura"},"content":{"rendered":"<div class=\"xs_social_share_widget xs_share_url after_content \t\tmain_content  wslu-style-1 wslu-share-box-shaped wslu-fill-colored wslu-none wslu-share-horizontal wslu-theme-font-no wslu-main_content\">\n\n\t\t\n        <ul>\n\t\t\t        <\/ul>\n    <\/div>","protected":false},"excerpt":{"rendered":"<p>Esta carteira da linha <b data-path-to-node=\"0\" data-index-in-node=\"23\">Lola Casademunt by Maite<\/b> \u00e9 uma pe\u00e7a de design arrojado que equilibra perfeitamente a est\u00e9tica <i data-path-to-node=\"0\" data-index-in-node=\"117\">rocker<\/i> com o luxo contempor\u00e2neo. Afirme o seu estilo com esta bandolera exclusiva de silhueta estruturada e atitude cosmopolita. Confeccionada num material de textura suave e toque luxuoso, a pe\u00e7a \u00e9 elevada por <b data-path-to-node=\"3,0\" data-index-in-node=\"227\">tachas douradas personalizadas<\/b> dispostas de forma geom\u00e9trica na parte frontal. Destaca-se pelo seu design funcional com <b data-path-to-node=\"3,0\" data-index-in-node=\"347\">al\u00e7as de m\u00e3o em recorte met\u00e1lico dourado<\/b> e um cord\u00e3o de fecho ajust\u00e1vel com ponteiras premium. O toque final de exclusividade \u00e9 conferido pelo <b data-path-to-node=\"3,0\" data-index-in-node=\"490\">charm met\u00e1lico em forma de cabe\u00e7a de le\u00e3o<\/b>, s\u00edmbolo de for\u00e7a e sofistica\u00e7\u00e3o da linha Maite.<\/p>","protected":false},"featured_media":102259,"comment_status":"open","ping_status":"closed","template":"","meta":[],"product_cat":[221,191,180],"product_tag":[],"woo-feed-brand":[],"class_list":{"0":"post-102258","1":"product","2":"type-product","3":"status-publish","4":"has-post-thumbnail","6":"product_brand-maite-by-cadademunt","7":"product_cat-bolsas","8":"product_cat-lola-casademunt-by-maite","9":"product_cat-novidades-primavera-verao","11":"first","12":"instock","13":"taxable","14":"shipping-taxable","15":"purchasable","16":"product-type-variable","17":"hongo-alternate-image-wrap"},"_links":{"self":[{"href":"https:\/\/mmurbancouture.pt\/en\/wp-json\/wp\/v2\/product\/102258","targetHints":{"allow":["GET"]}}],"collection":[{"href":"https:\/\/mmurbancouture.pt\/en\/wp-json\/wp\/v2\/product"}],"about":[{"href":"https:\/\/mmurbancouture.pt\/en\/wp-json\/wp\/v2\/types\/product"}],"replies":[{"embeddable":true,"href":"https:\/\/mmurbancouture.pt\/en\/wp-json\/wp\/v2\/comments?post=102258"}],"wp:featuredmedia":[{"embeddable":true,"href":"https:\/\/mmurbancouture.pt\/en\/wp-json\/wp\/v2\/media\/102259"}],"wp:attachment":[{"href":"https:\/\/mmurbancouture.pt\/en\/wp-json\/wp\/v2\/media?parent=102258"}],"wp:term":[{"taxonomy":"product_cat","embeddable":true,"href":"https:\/\/mmurbancouture.pt\/en\/wp-json\/wp\/v2\/product_cat?post=102258"},{"taxonomy":"product_tag","embeddable":true,"href":"https:\/\/mmurbancouture.pt\/en\/wp-json\/wp\/v2\/product_tag?post=102258"},{"taxonomy":"woo-feed-brand","embeddable":true,"href":"https:\/\/mmurbancouture.pt\/en\/wp-json\/wp\/v2\/woo-feed-brand?post=102258"}],"curies":[{"name":"wp","href":"https:\/\/api.w.org\/{rel}","templated":true}]}}