{"id":102086,"date":"2026-02-20T16:15:39","date_gmt":"2026-02-20T16:15:39","guid":{"rendered":"https:\/\/mmurbancouture.pt\/?post_type=product&#038;p=102086"},"modified":"2026-04-15T14:44:02","modified_gmt":"2026-04-15T14:44:02","slug":"bandoleira-rafia-efeito-pele-lola-casademunt-by-maite","status":"publish","type":"product","link":"https:\/\/mmurbancouture.pt\/en\/product\/bandoleira-rafia-efeito-pele-lola-casademunt-by-maite\/","title":{"rendered":"Bandoleira rafia e pele"},"content":{"rendered":"<div class=\"xs_social_share_widget xs_share_url after_content \t\tmain_content  wslu-style-1 wslu-share-box-shaped wslu-fill-colored wslu-none wslu-share-horizontal wslu-theme-font-no wslu-main_content\">\n\n\t\t\n        <ul>\n\t\t\t        <\/ul>\n    <\/div>","protected":false},"excerpt":{"rendered":"<div class=\"ng-tns-c2134266862-81\">\n<section id=\"processing-state-9\" class=\"processing-state_container ng-tns-c2134266862-81 is-gpi-avatar ng-trigger ng-trigger-processingStateShowHide ng-star-inserted is-done-processing\">\n<div id=\"processing-state-9-summary\" class=\"processing-state_details ng-trigger ng-trigger-menuExpansion ng-tns-c2134266862-81 is-gpi-avatar ng-star-inserted\" aria-hidden=\"true\">\n<div class=\"tool-summary ng-tns-c2134266862-81\">\n<div class=\"tool-summary-message ng-tns-c2134266862-81 gds-body-l ng-star-inserted\">\n<div class=\"ng-tns-c2134266862-81\">Esta mala de tiracolo da linha <b data-path-to-node=\"0\" data-index-in-node=\"31\">Lola Casademunt by Maite<\/b> \u00e9 o acess\u00f3rio perfeito para quem procura um equil\u00edbrio entre a sofistica\u00e7\u00e3o urbana e o esp\u00edrito descontra\u00eddo do ver\u00e3o. A pe\u00e7a destaca-se pela combina\u00e7\u00e3o harmoniosa entre a <b data-path-to-node=\"2,0,0\" data-index-in-node=\"79\">rafia entran\u00e7ada<\/b> de tom natural e os detalhes em <b data-path-to-node=\"2,0,0\" data-index-in-node=\"128\">pele sint\u00e9tica (efeito pele)<\/b> em castanho camel. A textura r\u00fastica e rica da rafia \u00e9 elevada pelo acabamento liso e estruturado da pala em couro sint\u00e9tico, criando um acess\u00f3rio com profundidade visual. O fecho de aba \u00e9 adornado com o <b data-path-to-node=\"4,0,0\" data-index-in-node=\"50\">log\u00f3tipo &#8220;M&#8221; met\u00e1lico<\/b> em dourado, um selo distintivo de luxo e exclusividade da cole\u00e7\u00e3o Maite. Inclui uma elegante al\u00e7a que mistura elos met\u00e1licos dourados com entrela\u00e7ado de pele, permitindo o uso a tiracolo ou ao ombro com m\u00e1ximo estilo. Combina na perfei\u00e7\u00e3o com o <b data-path-to-node=\"6,0,0\" data-index-in-node=\"40\">blazer branco estruturado<\/b> (como vis\u00edvel na imagem), criando um contraste fresco e iluminado.<\/div>\n<\/div>\n<\/div>\n<\/div>\n<\/section>\n<\/div>","protected":false},"featured_media":102087,"comment_status":"open","ping_status":"closed","template":"","meta":[],"product_cat":[221,180],"product_tag":[],"woo-feed-brand":[],"class_list":{"0":"post-102086","1":"product","2":"type-product","3":"status-publish","4":"has-post-thumbnail","6":"product_brand-maite-by-cadademunt","7":"product_cat-bolsas","8":"product_cat-novidades-primavera-verao","10":"first","11":"instock","12":"taxable","13":"shipping-taxable","14":"purchasable","15":"product-type-simple","16":"hongo-alternate-image-wrap"},"_links":{"self":[{"href":"https:\/\/mmurbancouture.pt\/en\/wp-json\/wp\/v2\/product\/102086","targetHints":{"allow":["GET"]}}],"collection":[{"href":"https:\/\/mmurbancouture.pt\/en\/wp-json\/wp\/v2\/product"}],"about":[{"href":"https:\/\/mmurbancouture.pt\/en\/wp-json\/wp\/v2\/types\/product"}],"replies":[{"embeddable":true,"href":"https:\/\/mmurbancouture.pt\/en\/wp-json\/wp\/v2\/comments?post=102086"}],"wp:featuredmedia":[{"embeddable":true,"href":"https:\/\/mmurbancouture.pt\/en\/wp-json\/wp\/v2\/media\/102087"}],"wp:attachment":[{"href":"https:\/\/mmurbancouture.pt\/en\/wp-json\/wp\/v2\/media?parent=102086"}],"wp:term":[{"taxonomy":"product_cat","embeddable":true,"href":"https:\/\/mmurbancouture.pt\/en\/wp-json\/wp\/v2\/product_cat?post=102086"},{"taxonomy":"product_tag","embeddable":true,"href":"https:\/\/mmurbancouture.pt\/en\/wp-json\/wp\/v2\/product_tag?post=102086"},{"taxonomy":"woo-feed-brand","embeddable":true,"href":"https:\/\/mmurbancouture.pt\/en\/wp-json\/wp\/v2\/woo-feed-brand?post=102086"}],"curies":[{"name":"wp","href":"https:\/\/api.w.org\/{rel}","templated":true}]}}