{"id":102078,"date":"2026-02-20T15:40:39","date_gmt":"2026-02-20T15:40:39","guid":{"rendered":"https:\/\/mmurbancouture.pt\/?post_type=product&#038;p=102078"},"modified":"2026-04-16T12:26:26","modified_gmt":"2026-04-16T12:26:26","slug":"calcas-jogger-tecnicas-lola-casademunt-by-maite","status":"publish","type":"product","link":"https:\/\/mmurbancouture.pt\/en\/product\/calcas-jogger-tecnicas-lola-casademunt-by-maite\/","title":{"rendered":"Cal\u00e7as Jogger T\u00e9cnicas"},"content":{"rendered":"<div class=\"xs_social_share_widget xs_share_url after_content \t\tmain_content  wslu-style-1 wslu-share-box-shaped wslu-fill-colored wslu-none wslu-share-horizontal wslu-theme-font-no wslu-main_content\">\n\n\t\t\n        <ul>\n\t\t\t        <\/ul>\n    <\/div>","protected":false},"excerpt":{"rendered":"<p>Redefina o conceito de conforto com estas cal\u00e7as jogger em bege, que aliam a praticidade urbana a um toque de alta-costura. Confeccionadas num tecido t\u00e9cnico de toque suave e cair flu\u00eddo, apresentam vincos frontais que estruturam a silhueta de forma elegante. A cintura el\u00e1stica com cord\u00e3o ajust\u00e1vel garante um ajuste personalizado, enquanto o ic\u00f3nico <b data-path-to-node=\"3,0\" data-index-in-node=\"400\">log\u00f3tipo &#8220;M&#8221; met\u00e1lico<\/b> em dourado na parte posterior oferece o selo de exclusividade da linha Maite. Uma pe\u00e7a vers\u00e1til, indispens\u00e1vel para um guarda-roupa contempor\u00e2neo.<\/p>","protected":false},"featured_media":102082,"comment_status":"closed","ping_status":"closed","template":"","meta":[],"product_cat":[180,231],"product_tag":[],"woo-feed-brand":[],"class_list":{"0":"post-102078","1":"product","2":"type-product","3":"status-publish","4":"has-post-thumbnail","6":"product_brand-maite-by-cadademunt","7":"product_cat-novidades-primavera-verao","8":"product_cat-vestuario-novidades-primavera-verao","10":"first","11":"instock","12":"taxable","13":"shipping-taxable","14":"purchasable","15":"product-type-variable","16":"hongo-alternate-image-wrap"},"_links":{"self":[{"href":"https:\/\/mmurbancouture.pt\/en\/wp-json\/wp\/v2\/product\/102078","targetHints":{"allow":["GET"]}}],"collection":[{"href":"https:\/\/mmurbancouture.pt\/en\/wp-json\/wp\/v2\/product"}],"about":[{"href":"https:\/\/mmurbancouture.pt\/en\/wp-json\/wp\/v2\/types\/product"}],"replies":[{"embeddable":true,"href":"https:\/\/mmurbancouture.pt\/en\/wp-json\/wp\/v2\/comments?post=102078"}],"wp:featuredmedia":[{"embeddable":true,"href":"https:\/\/mmurbancouture.pt\/en\/wp-json\/wp\/v2\/media\/102082"}],"wp:attachment":[{"href":"https:\/\/mmurbancouture.pt\/en\/wp-json\/wp\/v2\/media?parent=102078"}],"wp:term":[{"taxonomy":"product_cat","embeddable":true,"href":"https:\/\/mmurbancouture.pt\/en\/wp-json\/wp\/v2\/product_cat?post=102078"},{"taxonomy":"product_tag","embeddable":true,"href":"https:\/\/mmurbancouture.pt\/en\/wp-json\/wp\/v2\/product_tag?post=102078"},{"taxonomy":"woo-feed-brand","embeddable":true,"href":"https:\/\/mmurbancouture.pt\/en\/wp-json\/wp\/v2\/woo-feed-brand?post=102078"}],"curies":[{"name":"wp","href":"https:\/\/api.w.org\/{rel}","templated":true}]}}