{"id":102052,"date":"2026-02-20T15:07:57","date_gmt":"2026-02-20T15:07:57","guid":{"rendered":"https:\/\/mmurbancouture.pt\/?post_type=product&#038;p=102052"},"modified":"2026-04-14T23:55:40","modified_gmt":"2026-04-14T23:55:40","slug":"bolsa-de-tiracolo-heritage-lola-casademunt-by-maite","status":"publish","type":"product","link":"https:\/\/mmurbancouture.pt\/en\/product\/bolsa-de-tiracolo-heritage-lola-casademunt-by-maite\/","title":{"rendered":"Bolsa Tiracolo Heritage"},"content":{"rendered":"<div class=\"xs_social_share_widget xs_share_url after_content \t\tmain_content  wslu-style-1 wslu-share-box-shaped wslu-fill-colored wslu-none wslu-share-horizontal wslu-theme-font-no wslu-main_content\">\n\n\t\t\n        <ul>\n\t\t\t        <\/ul>\n    <\/div>","protected":false},"excerpt":{"rendered":"<p>Eleve o seu estilo com esta sofisticada bolsa com aba da linha Lola Casademunt by Maite. Confeccionada em couro sint\u00e9tico de gr\u00e3o natural em vermelho vibrante ou castanho, destaca-se pelo ic\u00f3nico <b data-path-to-node=\"3,0\" data-index-in-node=\"211\">log\u00f3tipo met\u00e1lico &#8220;M&#8221;<\/b> em dourado. O seu design compacto de silhueta retangular combina a praticidade urbana com o luxo de uma pe\u00e7a de alfaiataria. Conta com uma al\u00e7a tubular longa e flex\u00edvel, permitindo o uso a tiracolo ou de m\u00e3o, adaptando-se perfeitamente de um look de dia para um evento de noite.<\/p>","protected":false},"featured_media":102073,"comment_status":"open","ping_status":"closed","template":"","meta":[],"product_cat":[221,191,180],"product_tag":[],"woo-feed-brand":[],"class_list":{"0":"post-102052","1":"product","2":"type-product","3":"status-publish","4":"has-post-thumbnail","6":"product_brand-maite-by-cadademunt","7":"product_cat-bolsas","8":"product_cat-lola-casademunt-by-maite","9":"product_cat-novidades-primavera-verao","11":"first","12":"instock","13":"taxable","14":"shipping-taxable","15":"purchasable","16":"product-type-variable","17":"hongo-alternate-image-wrap"},"_links":{"self":[{"href":"https:\/\/mmurbancouture.pt\/en\/wp-json\/wp\/v2\/product\/102052","targetHints":{"allow":["GET"]}}],"collection":[{"href":"https:\/\/mmurbancouture.pt\/en\/wp-json\/wp\/v2\/product"}],"about":[{"href":"https:\/\/mmurbancouture.pt\/en\/wp-json\/wp\/v2\/types\/product"}],"replies":[{"embeddable":true,"href":"https:\/\/mmurbancouture.pt\/en\/wp-json\/wp\/v2\/comments?post=102052"}],"wp:featuredmedia":[{"embeddable":true,"href":"https:\/\/mmurbancouture.pt\/en\/wp-json\/wp\/v2\/media\/102073"}],"wp:attachment":[{"href":"https:\/\/mmurbancouture.pt\/en\/wp-json\/wp\/v2\/media?parent=102052"}],"wp:term":[{"taxonomy":"product_cat","embeddable":true,"href":"https:\/\/mmurbancouture.pt\/en\/wp-json\/wp\/v2\/product_cat?post=102052"},{"taxonomy":"product_tag","embeddable":true,"href":"https:\/\/mmurbancouture.pt\/en\/wp-json\/wp\/v2\/product_tag?post=102052"},{"taxonomy":"woo-feed-brand","embeddable":true,"href":"https:\/\/mmurbancouture.pt\/en\/wp-json\/wp\/v2\/woo-feed-brand?post=102052"}],"curies":[{"name":"wp","href":"https:\/\/api.w.org\/{rel}","templated":true}]}}