{"id":102035,"date":"2026-02-20T12:57:20","date_gmt":"2026-02-20T12:57:20","guid":{"rendered":"https:\/\/mmurbancouture.pt\/?post_type=product&#038;p=102035"},"modified":"2026-04-17T09:12:31","modified_gmt":"2026-04-17T09:12:31","slug":"camisola-de-gola-em-v-lola-casademunt-by-maite","status":"publish","type":"product","link":"https:\/\/mmurbancouture.pt\/en\/product\/camisola-de-gola-em-v-lola-casademunt-by-maite\/","title":{"rendered":"Camisola de gola em V"},"content":{"rendered":"<div class=\"xs_social_share_widget xs_share_url after_content \t\tmain_content  wslu-style-1 wslu-share-box-shaped wslu-fill-colored wslu-none wslu-share-horizontal wslu-theme-font-no wslu-main_content\">\n\n\t\t\n        <ul>\n\t\t\t        <\/ul>\n    <\/div>","protected":false},"excerpt":{"rendered":"<p data-path-to-node=\"0\">Esta camisola da linha <b data-path-to-node=\"0\" data-index-in-node=\"23\">Lola Casademunt by Maite<\/b> \u00e9 uma pe\u00e7a que equilibra perfeitamente o conforto da malha com o glamour sofisticado do brilho met\u00e1lico. O grande destaque desta pe\u00e7a \u00e9 a sua confe\u00e7\u00e3o com fios de <b data-path-to-node=\"2,0,0\" data-index-in-node=\"79\">lurex<\/b>, que conferem um brilho subtil e luminoso a toda a malha, elevando-a para ocasi\u00f5es que pedem um toque extra de sofistica\u00e7\u00e3o. Apresenta um decote em &#8220;V&#8221; cl\u00e1ssico e bem definido, com acabamento canelado, que ajuda a estilizar a zona do pesco\u00e7o. Possui um design de <b data-path-to-node=\"2,2,0\" data-index-in-node=\"38\">ombros desca\u00eddos<\/b> e um corte fluido, proporcionando um visual contempor\u00e2neo e confort\u00e1vel. \u00c9 a pe\u00e7a ideal para coordenar com padr\u00f5es intensos (como o estampado abstrato da cole\u00e7\u00e3o) ou para ser a protagonista num look com cal\u00e7as de alfaiataria neutras.<\/p>","protected":false},"featured_media":102036,"comment_status":"open","ping_status":"closed","template":"","meta":[],"product_cat":[180,231],"product_tag":[],"woo-feed-brand":[],"class_list":{"0":"post-102035","1":"product","2":"type-product","3":"status-publish","4":"has-post-thumbnail","6":"product_brand-maite-by-cadademunt","7":"product_cat-novidades-primavera-verao","8":"product_cat-vestuario-novidades-primavera-verao","10":"first","11":"instock","12":"taxable","13":"shipping-taxable","14":"purchasable","15":"product-type-variable","16":"hongo-alternate-image-wrap"},"_links":{"self":[{"href":"https:\/\/mmurbancouture.pt\/en\/wp-json\/wp\/v2\/product\/102035","targetHints":{"allow":["GET"]}}],"collection":[{"href":"https:\/\/mmurbancouture.pt\/en\/wp-json\/wp\/v2\/product"}],"about":[{"href":"https:\/\/mmurbancouture.pt\/en\/wp-json\/wp\/v2\/types\/product"}],"replies":[{"embeddable":true,"href":"https:\/\/mmurbancouture.pt\/en\/wp-json\/wp\/v2\/comments?post=102035"}],"wp:featuredmedia":[{"embeddable":true,"href":"https:\/\/mmurbancouture.pt\/en\/wp-json\/wp\/v2\/media\/102036"}],"wp:attachment":[{"href":"https:\/\/mmurbancouture.pt\/en\/wp-json\/wp\/v2\/media?parent=102035"}],"wp:term":[{"taxonomy":"product_cat","embeddable":true,"href":"https:\/\/mmurbancouture.pt\/en\/wp-json\/wp\/v2\/product_cat?post=102035"},{"taxonomy":"product_tag","embeddable":true,"href":"https:\/\/mmurbancouture.pt\/en\/wp-json\/wp\/v2\/product_tag?post=102035"},{"taxonomy":"woo-feed-brand","embeddable":true,"href":"https:\/\/mmurbancouture.pt\/en\/wp-json\/wp\/v2\/woo-feed-brand?post=102035"}],"curies":[{"name":"wp","href":"https:\/\/api.w.org\/{rel}","templated":true}]}}