{"id":102024,"date":"2026-02-20T12:37:50","date_gmt":"2026-02-20T12:37:50","guid":{"rendered":"https:\/\/mmurbancouture.pt\/?post_type=product&#038;p=102024"},"modified":"2026-04-15T09:10:27","modified_gmt":"2026-04-15T09:10:27","slug":"camisa-manga-larga-serpentina-lola-casademunt-by-maite","status":"publish","type":"product","link":"https:\/\/mmurbancouture.pt\/en\/product\/camisa-manga-larga-serpentina-lola-casademunt-by-maite\/","title":{"rendered":"Camisa manga serpentina"},"content":{"rendered":"<div class=\"xs_social_share_widget xs_share_url after_content \t\tmain_content  wslu-style-1 wslu-share-box-shaped wslu-fill-colored wslu-none wslu-share-horizontal wslu-theme-font-no wslu-main_content\">\n\n\t\t\n        <ul>\n\t\t\t        <\/ul>\n    <\/div>","protected":false},"excerpt":{"rendered":"<p data-path-to-node=\"0\">Esta camisa da linha <b data-path-to-node=\"0\" data-index-in-node=\"21\">Lola Casademunt by Maite<\/b> \u00e9 uma pe\u00e7a que exala energia e sofistica\u00e7\u00e3o atrav\u00e9s de um design art\u00edstico e contempor\u00e2neo. Confecionada em <b data-path-to-node=\"2,0,0\" data-index-in-node=\"34\">poli\u00e9ster<\/b>, a pe\u00e7a apresenta um cair flu\u00eddo e leve, ideal para criar movimento no visual. Possui um corte cl\u00e1ssico de camisaria com gola de lapela e mangas compridas terminadas em punhos. O fecho frontal \u00e9 feito por bot\u00f5es discretos.<\/p>\n<p data-path-to-node=\"5\">Esta pe\u00e7a \u00e9 extremamente vers\u00e1til e permite criar dois visuais distintos, dependendo da escolha das cal\u00e7as:<\/p>\n<h4 data-path-to-node=\"6\"><b data-path-to-node=\"6\" data-index-in-node=\"0\">1. Com as Cal\u00e7as em Tom Azeitona (Look Sofisticado)<\/b><\/h4>\n<p data-path-to-node=\"7\">Como demonstrado nas imagens atuais, a combina\u00e7\u00e3o com as <b data-path-to-node=\"7\" data-index-in-node=\"57\">cal\u00e7as de alfaiataria em tom azeitona<\/b> cria um contraste elegante e equilibrado.<\/p>\n<ul data-path-to-node=\"8\">\n<li>\n<p data-path-to-node=\"8,0,0\"><b data-path-to-node=\"8,0,0\" data-index-in-node=\"0\">O efeito<\/b>: A sobriedade do verde oliva &#8220;acalma&#8221; a vivacidade da estampa, tornando o conjunto perfeito para um ambiente de trabalho criativo ou um jantar sofisticado.<\/p>\n<\/li>\n<li>\n<p data-path-to-node=\"8,1,0\"><b data-path-to-node=\"8,1,0\" data-index-in-node=\"0\">Detalhe<\/b>: O cinto personalizado com a inscri\u00e7\u00e3o &#8220;BY MAITE&#8221; ajuda a definir a silhueta e refor\u00e7a a identidade da marca.<\/p>\n<\/li>\n<\/ul>\n<h4 data-path-to-node=\"9\"><b data-path-to-node=\"9\" data-index-in-node=\"0\">2. Com as Cal\u00e7as Estampadas Satinadas (Look Total Print)<\/b><\/h4>\n<p data-path-to-node=\"10\">Para quem n\u00e3o tem medo de arriscar, usar a camisa com as cal\u00e7as do mesmo padr\u00e3o cria um <b data-path-to-node=\"10\" data-index-in-node=\"116\">&#8220;total look&#8221;<\/b> de grande impacto.<\/p>\n<ul data-path-to-node=\"11\">\n<li>\n<p data-path-to-node=\"11,0,0\"><b data-path-to-node=\"11,0,0\" data-index-in-node=\"0\">O efeito<\/b>: Este conjunto monocrom\u00e1tico em termos de padr\u00e3o alonga visualmente a figura e transmite uma imagem de alta moda e confian\u00e7a.<\/p>\n<\/li>\n<li>\n<p data-path-to-node=\"11,1,0\"><b data-path-to-node=\"11,1,0\" data-index-in-node=\"0\">Dica<\/b>: Neste caso, mantenha os acess\u00f3rios mais minimalistas para deixar que o padr\u00e3o seja o protagonista absoluto.<\/p>\n<\/li>\n<\/ul>","protected":false},"featured_media":102034,"comment_status":"open","ping_status":"closed","template":"","meta":[],"product_cat":[191,180],"product_tag":[],"woo-feed-brand":[],"class_list":{"0":"post-102024","1":"product","2":"type-product","3":"status-publish","4":"has-post-thumbnail","6":"product_brand-maite-by-cadademunt","7":"product_cat-lola-casademunt-by-maite","8":"product_cat-novidades-primavera-verao","10":"first","11":"instock","12":"taxable","13":"shipping-taxable","14":"purchasable","15":"product-type-variable","16":"hongo-alternate-image-wrap"},"_links":{"self":[{"href":"https:\/\/mmurbancouture.pt\/en\/wp-json\/wp\/v2\/product\/102024","targetHints":{"allow":["GET"]}}],"collection":[{"href":"https:\/\/mmurbancouture.pt\/en\/wp-json\/wp\/v2\/product"}],"about":[{"href":"https:\/\/mmurbancouture.pt\/en\/wp-json\/wp\/v2\/types\/product"}],"replies":[{"embeddable":true,"href":"https:\/\/mmurbancouture.pt\/en\/wp-json\/wp\/v2\/comments?post=102024"}],"wp:featuredmedia":[{"embeddable":true,"href":"https:\/\/mmurbancouture.pt\/en\/wp-json\/wp\/v2\/media\/102034"}],"wp:attachment":[{"href":"https:\/\/mmurbancouture.pt\/en\/wp-json\/wp\/v2\/media?parent=102024"}],"wp:term":[{"taxonomy":"product_cat","embeddable":true,"href":"https:\/\/mmurbancouture.pt\/en\/wp-json\/wp\/v2\/product_cat?post=102024"},{"taxonomy":"product_tag","embeddable":true,"href":"https:\/\/mmurbancouture.pt\/en\/wp-json\/wp\/v2\/product_tag?post=102024"},{"taxonomy":"woo-feed-brand","embeddable":true,"href":"https:\/\/mmurbancouture.pt\/en\/wp-json\/wp\/v2\/woo-feed-brand?post=102024"}],"curies":[{"name":"wp","href":"https:\/\/api.w.org\/{rel}","templated":true}]}}