{"id":102009,"date":"2026-02-20T11:21:42","date_gmt":"2026-02-20T11:21:42","guid":{"rendered":"https:\/\/mmurbancouture.pt\/?post_type=product&#038;p=102009"},"modified":"2026-04-15T09:10:27","modified_gmt":"2026-04-15T09:10:27","slug":"calcas-satinadas-wideleg-lola-casademunt-by-maite","status":"publish","type":"product","link":"https:\/\/mmurbancouture.pt\/en\/product\/calcas-satinadas-wideleg-lola-casademunt-by-maite\/","title":{"rendered":"Cal\u00e7as satinadas wideleg Lola Casademunt"},"content":{"rendered":"<div class=\"xs_social_share_widget xs_share_url after_content \t\tmain_content  wslu-style-1 wslu-share-box-shaped wslu-fill-colored wslu-none wslu-share-horizontal wslu-theme-font-no wslu-main_content\">\n\n\t\t\n        <ul>\n\t\t\t        <\/ul>\n    <\/div>","protected":false},"excerpt":{"rendered":"<div class=\"ng-tns-c2134266862-17\">\n<section id=\"processing-state-0\" class=\"processing-state_container ng-tns-c2134266862-17 is-gpi-avatar ng-trigger ng-trigger-processingStateShowHide ng-star-inserted is-done-processing\">\n<div id=\"processing-state-0-summary\" class=\"processing-state_details ng-trigger ng-trigger-menuExpansion ng-tns-c2134266862-17 is-gpi-avatar ng-star-inserted\" aria-hidden=\"true\">\n<p>Estas cal\u00e7as da cole\u00e7\u00e3o <b data-path-to-node=\"0\" data-index-in-node=\"24\">Lola Casademunt by Maite<\/b> s\u00e3o uma pe\u00e7a de afirma\u00e7\u00e3o, combinando um corte cl\u00e1ssico com um padr\u00e3o vibrante e contempor\u00e2neo. Cal\u00e7as de <b data-path-to-node=\"3,0,0\" data-index-in-node=\"17\">perna larga (wide leg)<\/b> com um cair flu\u00eddo e elegante, possuem uma cintura de altura m\u00e9dia\/subida, com fecho frontal oculto para um acabamento limpo e sofisticado. Apresentam bolsos laterais discretos e bolsos de vivo na parte posterior, mantendo a estrutura da alfaiataria cl\u00e1ssica. Um padr\u00e3o <b data-path-to-node=\"5,0,0\" data-index-in-node=\"19\">geom\u00e9trico e org\u00e2nico<\/b> que remete para uma interpreta\u00e7\u00e3o art\u00edstica do <i data-path-to-node=\"5,0,0\" data-index-in-node=\"88\">animal print<\/i> (estilo zebra\/tigre estilizado). Uma combina\u00e7\u00e3o audaz de <b data-path-to-node=\"5,1,0\" data-index-in-node=\"41\">vermelho vibrante, preto, castanho e apontamentos de verde lima<\/b>, que criam um contraste din\u00e2mico e moderno. O tecido tem um <b data-path-to-node=\"5,2,0\" data-index-in-node=\"28\">toque satinado (acetinado)<\/b>, conferindo um brilho subtil que eleva a pe\u00e7a para ocasi\u00f5es mais formais ou eventos de noite.<\/p>\n<h3 data-path-to-node=\"6\"><b data-path-to-node=\"6\" data-index-in-node=\"0\">Sugest\u00e3o de Look<\/b><\/h3>\n<p data-path-to-node=\"7\">Como vemos nas imagens, as cal\u00e7as funcionam perfeitamente quando coordenadas com cores presentes no padr\u00e3o. Combin\u00e1-las com uma malha de decote em &#8220;V&#8221; em tom <b data-path-to-node=\"7\" data-index-in-node=\"158\">verde lima<\/b> cria um visual equilibrado, mas cheio de personalidade. Finalizar com sand\u00e1lias de tiras finas em vermelho acentua a sofistica\u00e7\u00e3o do conjunto.<\/p>\n<\/div>\n<\/section>\n<\/div>\n<div class=\"response-content ng-tns-c1355292225-16\">\n<div class=\"container\">\n<div id=\"model-response-message-contentr_b0166dd4c89f764b\" class=\"markdown markdown-main-panel enable-updated-hr-color preserve-whitespaces-in-response\" dir=\"ltr\" aria-live=\"polite\">\n<p data-path-to-node=\"7\">\n<\/div>\n<\/div>\n<\/div>","protected":false},"featured_media":102018,"comment_status":"open","ping_status":"closed","template":"","meta":[],"product_cat":[191,180],"product_tag":[],"woo-feed-brand":[],"class_list":{"0":"post-102009","1":"product","2":"type-product","3":"status-publish","4":"has-post-thumbnail","6":"product_brand-maite-by-cadademunt","7":"product_cat-lola-casademunt-by-maite","8":"product_cat-novidades-primavera-verao","10":"first","11":"instock","12":"taxable","13":"shipping-taxable","14":"purchasable","15":"product-type-variable","16":"hongo-alternate-image-wrap"},"_links":{"self":[{"href":"https:\/\/mmurbancouture.pt\/en\/wp-json\/wp\/v2\/product\/102009","targetHints":{"allow":["GET"]}}],"collection":[{"href":"https:\/\/mmurbancouture.pt\/en\/wp-json\/wp\/v2\/product"}],"about":[{"href":"https:\/\/mmurbancouture.pt\/en\/wp-json\/wp\/v2\/types\/product"}],"replies":[{"embeddable":true,"href":"https:\/\/mmurbancouture.pt\/en\/wp-json\/wp\/v2\/comments?post=102009"}],"wp:featuredmedia":[{"embeddable":true,"href":"https:\/\/mmurbancouture.pt\/en\/wp-json\/wp\/v2\/media\/102018"}],"wp:attachment":[{"href":"https:\/\/mmurbancouture.pt\/en\/wp-json\/wp\/v2\/media?parent=102009"}],"wp:term":[{"taxonomy":"product_cat","embeddable":true,"href":"https:\/\/mmurbancouture.pt\/en\/wp-json\/wp\/v2\/product_cat?post=102009"},{"taxonomy":"product_tag","embeddable":true,"href":"https:\/\/mmurbancouture.pt\/en\/wp-json\/wp\/v2\/product_tag?post=102009"},{"taxonomy":"woo-feed-brand","embeddable":true,"href":"https:\/\/mmurbancouture.pt\/en\/wp-json\/wp\/v2\/woo-feed-brand?post=102009"}],"curies":[{"name":"wp","href":"https:\/\/api.w.org\/{rel}","templated":true}]}}