{"id":102001,"date":"2026-02-19T16:52:04","date_gmt":"2026-02-19T16:52:04","guid":{"rendered":"https:\/\/mmurbancouture.pt\/?post_type=product&#038;p=102001"},"modified":"2026-04-15T08:18:15","modified_gmt":"2026-04-15T08:18:15","slug":"calcas-em-tricot-lola-casademunt","status":"publish","type":"product","link":"https:\/\/mmurbancouture.pt\/en\/product\/calcas-em-tricot-lola-casademunt\/","title":{"rendered":"Cal\u00e7as em tricot"},"content":{"rendered":"<div class=\"xs_social_share_widget xs_share_url after_content \t\tmain_content  wslu-style-1 wslu-share-box-shaped wslu-fill-colored wslu-none wslu-share-horizontal wslu-theme-font-no wslu-main_content\">\n\n\t\t\n        <ul>\n\t\t\t        <\/ul>\n    <\/div>","protected":false},"excerpt":{"rendered":"<div class=\"ng-tns-c56967115-29\">\n<section id=\"processing-state-2\" class=\"processing-state_container ng-tns-c56967115-29 is-gpi-avatar ng-trigger ng-trigger-processingStateShowHide ng-star-inserted is-done-processing\">\n<div id=\"processing-state-2-summary\" class=\"processing-state_details ng-trigger ng-trigger-menuExpansion ng-tns-c56967115-29 is-gpi-avatar ng-star-inserted\" aria-hidden=\"true\">\n<p>Estas cal\u00e7as em tricot da <b data-path-to-node=\"0\" data-index-in-node=\"26\">Lola Casademunt<\/b> elevam o conceito de <i data-path-to-node=\"0\" data-index-in-node=\"63\">homewear<\/i> para um patamar de puro luxo e sofistica\u00e7\u00e3o, perfeitas para quem n\u00e3o prescinde do conforto mas mant\u00e9m um estilo irrepreens\u00edvel. Tal como a pe\u00e7a superior, as cal\u00e7as apresentam o log\u00f3tipo da marca tecido em relevo por toda a pe\u00e7a, criando um visual texturizado e exclusivo. A silhueta de perna larga e fluida proporciona um movimento elegante ao caminhar, al\u00e9m de garantir o m\u00e1ximo conforto. O corte termina ligeiramente acima do tornozelo, permitindo dar destaque ao cal\u00e7ado.<\/p>\n<p><b data-path-to-node=\"5\" data-index-in-node=\"0\">Sugest\u00e3o de Estilo <\/b><\/p>\n<p><b data-path-to-node=\"5\" data-index-in-node=\"0\"><\/b><b data-path-to-node=\"5\" data-index-in-node=\"0\"><\/b>Para um impacto visual m\u00e1ximo, combine-as com a camisola de tricot a condizer.<\/p>\n<\/div>\n<\/section>\n<\/div>","protected":false},"featured_media":102020,"comment_status":"open","ping_status":"closed","template":"","meta":[],"product_cat":[190,180],"product_tag":[],"woo-feed-brand":[],"class_list":{"0":"post-102001","1":"product","2":"type-product","3":"status-publish","4":"has-post-thumbnail","6":"product_brand-lolacasademunt","7":"product_cat-lola-casademunt","8":"product_cat-novidades-primavera-verao","10":"first","11":"instock","12":"taxable","13":"shipping-taxable","14":"purchasable","15":"product-type-variable","16":"hongo-alternate-image-wrap"},"_links":{"self":[{"href":"https:\/\/mmurbancouture.pt\/en\/wp-json\/wp\/v2\/product\/102001","targetHints":{"allow":["GET"]}}],"collection":[{"href":"https:\/\/mmurbancouture.pt\/en\/wp-json\/wp\/v2\/product"}],"about":[{"href":"https:\/\/mmurbancouture.pt\/en\/wp-json\/wp\/v2\/types\/product"}],"replies":[{"embeddable":true,"href":"https:\/\/mmurbancouture.pt\/en\/wp-json\/wp\/v2\/comments?post=102001"}],"wp:featuredmedia":[{"embeddable":true,"href":"https:\/\/mmurbancouture.pt\/en\/wp-json\/wp\/v2\/media\/102020"}],"wp:attachment":[{"href":"https:\/\/mmurbancouture.pt\/en\/wp-json\/wp\/v2\/media?parent=102001"}],"wp:term":[{"taxonomy":"product_cat","embeddable":true,"href":"https:\/\/mmurbancouture.pt\/en\/wp-json\/wp\/v2\/product_cat?post=102001"},{"taxonomy":"product_tag","embeddable":true,"href":"https:\/\/mmurbancouture.pt\/en\/wp-json\/wp\/v2\/product_tag?post=102001"},{"taxonomy":"woo-feed-brand","embeddable":true,"href":"https:\/\/mmurbancouture.pt\/en\/wp-json\/wp\/v2\/woo-feed-brand?post=102001"}],"curies":[{"name":"wp","href":"https:\/\/api.w.org\/{rel}","templated":true}]}}