{"id":101981,"date":"2026-02-19T16:07:06","date_gmt":"2026-02-19T16:07:06","guid":{"rendered":"https:\/\/mmurbancouture.pt\/?post_type=product&#038;p=101981"},"modified":"2026-04-15T00:26:17","modified_gmt":"2026-04-15T00:26:17","slug":"casaco-fluido-com-bolsos-lola-casademunt","status":"publish","type":"product","link":"https:\/\/mmurbancouture.pt\/en\/product\/casaco-fluido-com-bolsos-lola-casademunt\/","title":{"rendered":"Casaco fluido com bolsos"},"content":{"rendered":"<div class=\"xs_social_share_widget xs_share_url after_content \t\tmain_content  wslu-style-1 wslu-share-box-shaped wslu-fill-colored wslu-none wslu-share-horizontal wslu-theme-font-no wslu-main_content\">\n\n\t\t\n        <ul>\n\t\t\t        <\/ul>\n    <\/div>","protected":false},"excerpt":{"rendered":"<p data-path-to-node=\"0\">Este casaco da <b data-path-to-node=\"0\" data-index-in-node=\"15\">Lola Casademunt<\/b> \u00e9 uma pe\u00e7a que equilibra perfeitamente o estilo desportivo com um toque de sofistica\u00e7\u00e3o luxuosa. Com um acabamento acetinado num tom <b data-path-to-node=\"0\" data-index-in-node=\"164\">azul royal vibrante<\/b>, \u00e9 o tipo de pe\u00e7a &#8220;statement&#8221; que eleva qualquer look b\u00e1sico. O casaco apresenta um design de inspira\u00e7\u00e3o <i data-path-to-node=\"3,0,0\" data-index-in-node=\"64\">bomber<\/i> ou <i data-path-to-node=\"3,0,0\" data-index-in-node=\"74\">utility<\/i>, mas com a leveza e o brilho do tecido acetinado. Destaca-se pelas <b data-path-to-node=\"3,1,0\" data-index-in-node=\"39\">palas decorativas<\/b> no peito e bolsos frontais funcionais, ambos adornados com bot\u00f5es dourados personalizados.<\/p>\n<p data-path-to-node=\"3,2,0\">","protected":false},"featured_media":102647,"comment_status":"closed","ping_status":"closed","template":"","meta":[],"product_cat":[190,180],"product_tag":[],"woo-feed-brand":[],"class_list":{"0":"post-101981","1":"product","2":"type-product","3":"status-publish","4":"has-post-thumbnail","6":"product_brand-lolacasademunt","7":"product_cat-lola-casademunt","8":"product_cat-novidades-primavera-verao","10":"first","11":"instock","12":"taxable","13":"shipping-taxable","14":"purchasable","15":"product-type-variable","16":"hongo-alternate-image-wrap"},"_links":{"self":[{"href":"https:\/\/mmurbancouture.pt\/en\/wp-json\/wp\/v2\/product\/101981","targetHints":{"allow":["GET"]}}],"collection":[{"href":"https:\/\/mmurbancouture.pt\/en\/wp-json\/wp\/v2\/product"}],"about":[{"href":"https:\/\/mmurbancouture.pt\/en\/wp-json\/wp\/v2\/types\/product"}],"replies":[{"embeddable":true,"href":"https:\/\/mmurbancouture.pt\/en\/wp-json\/wp\/v2\/comments?post=101981"}],"wp:featuredmedia":[{"embeddable":true,"href":"https:\/\/mmurbancouture.pt\/en\/wp-json\/wp\/v2\/media\/102647"}],"wp:attachment":[{"href":"https:\/\/mmurbancouture.pt\/en\/wp-json\/wp\/v2\/media?parent=101981"}],"wp:term":[{"taxonomy":"product_cat","embeddable":true,"href":"https:\/\/mmurbancouture.pt\/en\/wp-json\/wp\/v2\/product_cat?post=101981"},{"taxonomy":"product_tag","embeddable":true,"href":"https:\/\/mmurbancouture.pt\/en\/wp-json\/wp\/v2\/product_tag?post=101981"},{"taxonomy":"woo-feed-brand","embeddable":true,"href":"https:\/\/mmurbancouture.pt\/en\/wp-json\/wp\/v2\/woo-feed-brand?post=101981"}],"curies":[{"name":"wp","href":"https:\/\/api.w.org\/{rel}","templated":true}]}}