{"id":101972,"date":"2026-02-18T16:13:06","date_gmt":"2026-02-18T16:13:06","guid":{"rendered":"https:\/\/mmurbancouture.pt\/?post_type=product&#038;p=101972"},"modified":"2026-04-15T00:24:45","modified_gmt":"2026-04-15T00:24:45","slug":"vestido-logo-lola-casdemunt-com-risca-lateral","status":"publish","type":"product","link":"https:\/\/mmurbancouture.pt\/en\/product\/vestido-logo-lola-casdemunt-com-risca-lateral\/","title":{"rendered":"Vestido logo com risca lateral"},"content":{"rendered":"<div class=\"xs_social_share_widget xs_share_url after_content \t\tmain_content  wslu-style-1 wslu-share-box-shaped wslu-fill-colored wslu-none wslu-share-horizontal wslu-theme-font-no wslu-main_content\">\n\n\t\t\n        <ul>\n\t\t\t        <\/ul>\n    <\/div>","protected":false},"excerpt":{"rendered":"<p data-path-to-node=\"0\">Este vestido da <b data-path-to-node=\"0\" data-index-in-node=\"21\">Lola Casademunt<\/b> \u00e9 a defini\u00e7\u00e3o de um estilo desportivo sofisticado, perfeito para quem procura uma pe\u00e7a \u00fanica que equilibra conforto e detalhes de luxo. Apresenta-se num azul el\u00e9trico profundo, uma cor marcante que \u00e9 assinatura frequente nas cole\u00e7\u00f5es da marca. Silhueta ajustada ao corpo (bodycon) de comprimento midi, que valoriza a figura mantendo a eleg\u00e2ncia, com um decote redondo cl\u00e1ssico e sem mangas, com um acabamento em debruado no mesmo tom, conferindo um ar clean e desportivo.<\/p>","protected":false},"featured_media":101979,"comment_status":"open","ping_status":"closed","template":"","meta":[],"product_cat":[190,180],"product_tag":[],"woo-feed-brand":[],"class_list":{"0":"post-101972","1":"product","2":"type-product","3":"status-publish","4":"has-post-thumbnail","6":"product_brand-lolacasademunt","7":"product_cat-lola-casademunt","8":"product_cat-novidades-primavera-verao","10":"first","11":"instock","12":"taxable","13":"shipping-taxable","14":"purchasable","15":"product-type-variable","16":"hongo-alternate-image-wrap"},"_links":{"self":[{"href":"https:\/\/mmurbancouture.pt\/en\/wp-json\/wp\/v2\/product\/101972","targetHints":{"allow":["GET"]}}],"collection":[{"href":"https:\/\/mmurbancouture.pt\/en\/wp-json\/wp\/v2\/product"}],"about":[{"href":"https:\/\/mmurbancouture.pt\/en\/wp-json\/wp\/v2\/types\/product"}],"replies":[{"embeddable":true,"href":"https:\/\/mmurbancouture.pt\/en\/wp-json\/wp\/v2\/comments?post=101972"}],"wp:featuredmedia":[{"embeddable":true,"href":"https:\/\/mmurbancouture.pt\/en\/wp-json\/wp\/v2\/media\/101979"}],"wp:attachment":[{"href":"https:\/\/mmurbancouture.pt\/en\/wp-json\/wp\/v2\/media?parent=101972"}],"wp:term":[{"taxonomy":"product_cat","embeddable":true,"href":"https:\/\/mmurbancouture.pt\/en\/wp-json\/wp\/v2\/product_cat?post=101972"},{"taxonomy":"product_tag","embeddable":true,"href":"https:\/\/mmurbancouture.pt\/en\/wp-json\/wp\/v2\/product_tag?post=101972"},{"taxonomy":"woo-feed-brand","embeddable":true,"href":"https:\/\/mmurbancouture.pt\/en\/wp-json\/wp\/v2\/woo-feed-brand?post=101972"}],"curies":[{"name":"wp","href":"https:\/\/api.w.org\/{rel}","templated":true}]}}