{"id":101943,"date":"2026-02-18T14:30:47","date_gmt":"2026-02-18T14:30:47","guid":{"rendered":"https:\/\/mmurbancouture.pt\/?post_type=product&#038;p=101943"},"modified":"2026-04-15T00:24:45","modified_gmt":"2026-04-15T00:24:45","slug":"pantalon-animal-print","status":"publish","type":"product","link":"https:\/\/mmurbancouture.pt\/en\/product\/pantalon-animal-print\/","title":{"rendered":"Pantal\u00f3n animal print"},"content":{"rendered":"<div class=\"xs_social_share_widget xs_share_url after_content \t\tmain_content  wslu-style-1 wslu-share-box-shaped wslu-fill-colored wslu-none wslu-share-horizontal wslu-theme-font-no wslu-main_content\">\n\n\t\t\n        <ul>\n\t\t\t        <\/ul>\n    <\/div>","protected":false},"excerpt":{"rendered":"<div class=\"ng-tns-c881239629-17\">\n<section id=\"processing-state-0\" class=\"processing-state_container ng-tns-c881239629-17 is-gpi-avatar ng-trigger ng-trigger-processingStateShowHide ng-star-inserted is-done-processing\">\n<div id=\"processing-state-0-summary\" class=\"processing-state_details ng-trigger ng-trigger-menuExpansion ng-tns-c881239629-17 is-gpi-avatar ng-star-inserted\" aria-hidden=\"true\">\n<p>Estas cal\u00e7as de padr\u00e3o animal print s\u00e3o a defini\u00e7\u00e3o de conforto com estilo. Confeccionadas em viscose, garantindo um toque macio, leveza e um excelente caimento fluido. Possuem um corte de perna larga (wide leg) e comprimento ligeiramente acima do tornozelo, proporcionando um visual moderno e descontra\u00eddo.<b> <\/b>A cintura de altura m\u00e9dia\/alta, ideal para combinar com a camisa a condizer para um &#8220;total look&#8221; impactante ou com uma t-shirt b\u00e1sica para um estilo mais casual.<b> <\/b>O padr\u00e3o cl\u00e1ssico animal print em tons de bege e preto torna-as uma pe\u00e7a atemporal e vers\u00e1til para os dias mais quentes.<\/p>\n<\/div>\n<\/section>\n<\/div>","protected":false},"featured_media":101948,"comment_status":"closed","ping_status":"closed","template":"","meta":[],"product_cat":[190,180],"product_tag":[],"woo-feed-brand":[],"class_list":{"0":"post-101943","1":"product","2":"type-product","3":"status-publish","4":"has-post-thumbnail","6":"product_brand-lolacasademunt","7":"product_cat-lola-casademunt","8":"product_cat-novidades-primavera-verao","10":"first","11":"instock","12":"taxable","13":"shipping-taxable","14":"purchasable","15":"product-type-variable","16":"hongo-alternate-image-wrap"},"_links":{"self":[{"href":"https:\/\/mmurbancouture.pt\/en\/wp-json\/wp\/v2\/product\/101943","targetHints":{"allow":["GET"]}}],"collection":[{"href":"https:\/\/mmurbancouture.pt\/en\/wp-json\/wp\/v2\/product"}],"about":[{"href":"https:\/\/mmurbancouture.pt\/en\/wp-json\/wp\/v2\/types\/product"}],"replies":[{"embeddable":true,"href":"https:\/\/mmurbancouture.pt\/en\/wp-json\/wp\/v2\/comments?post=101943"}],"wp:featuredmedia":[{"embeddable":true,"href":"https:\/\/mmurbancouture.pt\/en\/wp-json\/wp\/v2\/media\/101948"}],"wp:attachment":[{"href":"https:\/\/mmurbancouture.pt\/en\/wp-json\/wp\/v2\/media?parent=101943"}],"wp:term":[{"taxonomy":"product_cat","embeddable":true,"href":"https:\/\/mmurbancouture.pt\/en\/wp-json\/wp\/v2\/product_cat?post=101943"},{"taxonomy":"product_tag","embeddable":true,"href":"https:\/\/mmurbancouture.pt\/en\/wp-json\/wp\/v2\/product_tag?post=101943"},{"taxonomy":"woo-feed-brand","embeddable":true,"href":"https:\/\/mmurbancouture.pt\/en\/wp-json\/wp\/v2\/woo-feed-brand?post=101943"}],"curies":[{"name":"wp","href":"https:\/\/api.w.org\/{rel}","templated":true}]}}