{"id":101930,"date":"2026-02-18T11:40:08","date_gmt":"2026-02-18T11:40:08","guid":{"rendered":"https:\/\/mmurbancouture.pt\/?post_type=product&#038;p=101930"},"modified":"2026-04-15T00:24:45","modified_gmt":"2026-04-15T00:24:45","slug":"top-animal-print","status":"publish","type":"product","link":"https:\/\/mmurbancouture.pt\/en\/product\/top-animal-print\/","title":{"rendered":"Top animal print"},"content":{"rendered":"<div class=\"xs_social_share_widget xs_share_url after_content \t\tmain_content  wslu-style-1 wslu-share-box-shaped wslu-fill-colored wslu-none wslu-share-horizontal wslu-theme-font-no wslu-main_content\">\n\n\t\t\n        <ul>\n\t\t\t        <\/ul>\n    <\/div>","protected":false},"excerpt":{"rendered":"<p data-path-to-node=\"0\">Este top de al\u00e7as em cupro (frequentemente chamado de seda vegan) combina o luxo da textura acetinada com a ousadia do padr\u00e3o animal. Confecionado em cupro, uma fibra regenerada que oferece um toque sedoso, brilho suave e uma respirabilidade superior, sendo uma alternativa sustent\u00e1vel \u00e0 seda natural. Apresenta um <b data-path-to-node=\"2,1,0\" data-index-in-node=\"33\">decote em V<\/b> elegante e <b data-path-to-node=\"2,1,0\" data-index-in-node=\"56\">al\u00e7as finas<\/b> (spaghetti straps), proporcionando uma silhueta feminina e leve.<b> <\/b>O ic\u00f3nico estampado animal print em tons cl\u00e1ssicos de ocre, bege e preto confere uma personalidade forte \u00e0 pe\u00e7a. O seu corte fluido permite us\u00e1-lo tanto por dentro de uns jeans de cinta alta para um look de dia, como por baixo de um blazer para um visual de noite mais sofisticado.<\/p>","protected":false},"featured_media":101942,"comment_status":"open","ping_status":"closed","template":"","meta":[],"product_cat":[190,180],"product_tag":[],"woo-feed-brand":[],"class_list":{"0":"post-101930","1":"product","2":"type-product","3":"status-publish","4":"has-post-thumbnail","6":"product_brand-lolacasademunt","7":"product_cat-lola-casademunt","8":"product_cat-novidades-primavera-verao","10":"first","11":"instock","12":"taxable","13":"shipping-taxable","14":"purchasable","15":"product-type-variable","16":"hongo-alternate-image-wrap"},"_links":{"self":[{"href":"https:\/\/mmurbancouture.pt\/en\/wp-json\/wp\/v2\/product\/101930","targetHints":{"allow":["GET"]}}],"collection":[{"href":"https:\/\/mmurbancouture.pt\/en\/wp-json\/wp\/v2\/product"}],"about":[{"href":"https:\/\/mmurbancouture.pt\/en\/wp-json\/wp\/v2\/types\/product"}],"replies":[{"embeddable":true,"href":"https:\/\/mmurbancouture.pt\/en\/wp-json\/wp\/v2\/comments?post=101930"}],"wp:featuredmedia":[{"embeddable":true,"href":"https:\/\/mmurbancouture.pt\/en\/wp-json\/wp\/v2\/media\/101942"}],"wp:attachment":[{"href":"https:\/\/mmurbancouture.pt\/en\/wp-json\/wp\/v2\/media?parent=101930"}],"wp:term":[{"taxonomy":"product_cat","embeddable":true,"href":"https:\/\/mmurbancouture.pt\/en\/wp-json\/wp\/v2\/product_cat?post=101930"},{"taxonomy":"product_tag","embeddable":true,"href":"https:\/\/mmurbancouture.pt\/en\/wp-json\/wp\/v2\/product_tag?post=101930"},{"taxonomy":"woo-feed-brand","embeddable":true,"href":"https:\/\/mmurbancouture.pt\/en\/wp-json\/wp\/v2\/woo-feed-brand?post=101930"}],"curies":[{"name":"wp","href":"https:\/\/api.w.org\/{rel}","templated":true}]}}