{"id":101833,"date":"2026-02-07T11:40:47","date_gmt":"2026-02-07T11:40:47","guid":{"rendered":"https:\/\/mmurbancouture.pt\/?post_type=product&#038;p=101833"},"modified":"2026-04-15T09:10:22","modified_gmt":"2026-04-15T09:10:22","slug":"clutch-listada-com-lantejoulas","status":"publish","type":"product","link":"https:\/\/mmurbancouture.pt\/en\/product\/clutch-listada-com-lantejoulas\/","title":{"rendered":"Clutch Lantejoulas"},"content":{"rendered":"<div class=\"xs_social_share_widget xs_share_url after_content \t\tmain_content  wslu-style-1 wslu-share-box-shaped wslu-fill-colored wslu-none wslu-share-horizontal wslu-theme-font-no wslu-main_content\">\n\n\t\t\n        <ul>\n\t\t\t        <\/ul>\n    <\/div>","protected":false},"excerpt":{"rendered":"<p>Adicione um toque de luz m\u00e1xima ao seu visual de noite com esta clutch de luxo. O design cl\u00e1ssico de <b data-path-to-node=\"3,0\" data-index-in-node=\"142\">listras horizontais em preto e branco<\/b> ganha uma nova vida atrav\u00e9s do bordado integral de <b data-path-to-node=\"3,0\" data-index-in-node=\"231\">lantejoulas de alto brilho<\/b>, criando um efeito deslumbrante sob qualquer luz. O ic\u00f3nico log\u00f3tipo &#8220;M&#8221; met\u00e1lico na frente e a elegante al\u00e7a de m\u00e3o r\u00edgida em prateado elevam esta pe\u00e7a ao estatuto de verdadeira joia. \u00c9 o acess\u00f3rio indispens\u00e1vel para quem procura uma eleg\u00e2ncia audaz e sofisticada.<\/p>","protected":false},"featured_media":102074,"comment_status":"open","ping_status":"closed","template":"","meta":[],"product_cat":[221,191,180],"product_tag":[],"woo-feed-brand":[],"class_list":{"0":"post-101833","1":"product","2":"type-product","3":"status-publish","4":"has-post-thumbnail","6":"product_brand-maite-by-cadademunt","7":"product_cat-bolsas","8":"product_cat-lola-casademunt-by-maite","9":"product_cat-novidades-primavera-verao","11":"first","12":"instock","13":"taxable","14":"shipping-taxable","15":"purchasable","16":"product-type-simple","17":"hongo-alternate-image-wrap"},"_links":{"self":[{"href":"https:\/\/mmurbancouture.pt\/en\/wp-json\/wp\/v2\/product\/101833","targetHints":{"allow":["GET"]}}],"collection":[{"href":"https:\/\/mmurbancouture.pt\/en\/wp-json\/wp\/v2\/product"}],"about":[{"href":"https:\/\/mmurbancouture.pt\/en\/wp-json\/wp\/v2\/types\/product"}],"replies":[{"embeddable":true,"href":"https:\/\/mmurbancouture.pt\/en\/wp-json\/wp\/v2\/comments?post=101833"}],"wp:featuredmedia":[{"embeddable":true,"href":"https:\/\/mmurbancouture.pt\/en\/wp-json\/wp\/v2\/media\/102074"}],"wp:attachment":[{"href":"https:\/\/mmurbancouture.pt\/en\/wp-json\/wp\/v2\/media?parent=101833"}],"wp:term":[{"taxonomy":"product_cat","embeddable":true,"href":"https:\/\/mmurbancouture.pt\/en\/wp-json\/wp\/v2\/product_cat?post=101833"},{"taxonomy":"product_tag","embeddable":true,"href":"https:\/\/mmurbancouture.pt\/en\/wp-json\/wp\/v2\/product_tag?post=101833"},{"taxonomy":"woo-feed-brand","embeddable":true,"href":"https:\/\/mmurbancouture.pt\/en\/wp-json\/wp\/v2\/woo-feed-brand?post=101833"}],"curies":[{"name":"wp","href":"https:\/\/api.w.org\/{rel}","templated":true}]}}