{"id":101697,"date":"2026-01-25T22:47:59","date_gmt":"2026-01-25T22:47:59","guid":{"rendered":"https:\/\/mmurbancouture.pt\/?post_type=product&#038;p=101697"},"modified":"2026-04-15T09:09:43","modified_gmt":"2026-04-15T09:09:43","slug":"calca-scuba-lateral-strass","status":"publish","type":"product","link":"https:\/\/mmurbancouture.pt\/en\/product\/calca-scuba-lateral-strass\/","title":{"rendered":"Cal\u00e7a scuba lateral strass"},"content":{"rendered":"<div class=\"xs_social_share_widget xs_share_url after_content \t\tmain_content  wslu-style-1 wslu-share-box-shaped wslu-fill-colored wslu-none wslu-share-horizontal wslu-theme-font-no wslu-main_content\">\n\n\t\t\n        <ul>\n\t\t\t        <\/ul>\n    <\/div>","protected":false},"excerpt":{"rendered":"<p>Cal\u00e7a confeccionada em tecido scuba com elegantes strass nas laterais. Design moderno com cintura el\u00e1stica e cord\u00e3o ajust\u00e1vel para maior conforto. Ideal para um look casual com um toque sofisticado gra\u00e7as ao seu detalhe brilhante. Dispon\u00edvel em preto.<\/p>","protected":false},"featured_media":101701,"comment_status":"open","ping_status":"closed","template":"","meta":[],"product_cat":[190,180],"product_tag":[],"woo-feed-brand":[],"class_list":{"0":"post-101697","1":"product","2":"type-product","3":"status-publish","4":"has-post-thumbnail","6":"product_brand-lolacasademunt","7":"product_cat-lola-casademunt","8":"product_cat-novidades-primavera-verao","10":"first","11":"instock","12":"taxable","13":"shipping-taxable","14":"purchasable","15":"product-type-variable","16":"hongo-alternate-image-wrap"},"_links":{"self":[{"href":"https:\/\/mmurbancouture.pt\/en\/wp-json\/wp\/v2\/product\/101697","targetHints":{"allow":["GET"]}}],"collection":[{"href":"https:\/\/mmurbancouture.pt\/en\/wp-json\/wp\/v2\/product"}],"about":[{"href":"https:\/\/mmurbancouture.pt\/en\/wp-json\/wp\/v2\/types\/product"}],"replies":[{"embeddable":true,"href":"https:\/\/mmurbancouture.pt\/en\/wp-json\/wp\/v2\/comments?post=101697"}],"wp:featuredmedia":[{"embeddable":true,"href":"https:\/\/mmurbancouture.pt\/en\/wp-json\/wp\/v2\/media\/101701"}],"wp:attachment":[{"href":"https:\/\/mmurbancouture.pt\/en\/wp-json\/wp\/v2\/media?parent=101697"}],"wp:term":[{"taxonomy":"product_cat","embeddable":true,"href":"https:\/\/mmurbancouture.pt\/en\/wp-json\/wp\/v2\/product_cat?post=101697"},{"taxonomy":"product_tag","embeddable":true,"href":"https:\/\/mmurbancouture.pt\/en\/wp-json\/wp\/v2\/product_tag?post=101697"},{"taxonomy":"woo-feed-brand","embeddable":true,"href":"https:\/\/mmurbancouture.pt\/en\/wp-json\/wp\/v2\/woo-feed-brand?post=101697"}],"curies":[{"name":"wp","href":"https:\/\/api.w.org\/{rel}","templated":true}]}}