{"id":101572,"date":"2026-01-23T21:10:32","date_gmt":"2026-01-23T21:10:32","guid":{"rendered":"https:\/\/mmurbancouture.pt\/?post_type=product&#038;p=101572"},"modified":"2026-04-17T09:12:30","modified_gmt":"2026-04-17T09:12:30","slug":"vestido-camiseiro-curto-estampa-animal","status":"publish","type":"product","link":"https:\/\/mmurbancouture.pt\/en\/product\/vestido-camiseiro-curto-estampa-animal\/","title":{"rendered":"Vestido Camiseiro Curto Estampa Animal"},"content":{"rendered":"<div class=\"xs_social_share_widget xs_share_url after_content \t\tmain_content  wslu-style-1 wslu-share-box-shaped wslu-fill-colored wslu-none wslu-share-horizontal wslu-theme-font-no wslu-main_content\">\n\n\t\t\n        <ul>\n\t\t\t        <\/ul>\n    <\/div>","protected":false},"excerpt":{"rendered":"<p>Vestido camisa curto com estampa animal. Feito em tecido leve, apresenta um design fluido com gola cl\u00e1ssica. Perfeito para um look moderno e ousado, possui fecho frontal com z\u00edper e mangas curtas. Um toque selvagem para o seu guarda-roupa di\u00e1rio.<\/p>","protected":false},"featured_media":101556,"comment_status":"closed","ping_status":"closed","template":"","meta":[],"product_cat":[180,231],"product_tag":[],"woo-feed-brand":[],"class_list":{"0":"post-101572","1":"product","2":"type-product","3":"status-publish","4":"has-post-thumbnail","6":"product_brand-lolacasademunt","7":"product_cat-novidades-primavera-verao","8":"product_cat-vestuario-novidades-primavera-verao","10":"first","11":"instock","12":"taxable","13":"shipping-taxable","14":"purchasable","15":"product-type-variable","16":"hongo-alternate-image-wrap"},"_links":{"self":[{"href":"https:\/\/mmurbancouture.pt\/en\/wp-json\/wp\/v2\/product\/101572","targetHints":{"allow":["GET"]}}],"collection":[{"href":"https:\/\/mmurbancouture.pt\/en\/wp-json\/wp\/v2\/product"}],"about":[{"href":"https:\/\/mmurbancouture.pt\/en\/wp-json\/wp\/v2\/types\/product"}],"replies":[{"embeddable":true,"href":"https:\/\/mmurbancouture.pt\/en\/wp-json\/wp\/v2\/comments?post=101572"}],"wp:featuredmedia":[{"embeddable":true,"href":"https:\/\/mmurbancouture.pt\/en\/wp-json\/wp\/v2\/media\/101556"}],"wp:attachment":[{"href":"https:\/\/mmurbancouture.pt\/en\/wp-json\/wp\/v2\/media?parent=101572"}],"wp:term":[{"taxonomy":"product_cat","embeddable":true,"href":"https:\/\/mmurbancouture.pt\/en\/wp-json\/wp\/v2\/product_cat?post=101572"},{"taxonomy":"product_tag","embeddable":true,"href":"https:\/\/mmurbancouture.pt\/en\/wp-json\/wp\/v2\/product_tag?post=101572"},{"taxonomy":"woo-feed-brand","embeddable":true,"href":"https:\/\/mmurbancouture.pt\/en\/wp-json\/wp\/v2\/woo-feed-brand?post=101572"}],"curies":[{"name":"wp","href":"https:\/\/api.w.org\/{rel}","templated":true}]}}