{"id":101268,"date":"2026-01-09T21:53:08","date_gmt":"2026-01-09T21:53:08","guid":{"rendered":"https:\/\/mmurbancouture.pt\/?post_type=product&#038;p=101268"},"modified":"2026-03-03T20:33:55","modified_gmt":"2026-03-03T20:33:55","slug":"malha-larga","status":"publish","type":"product","link":"https:\/\/mmurbancouture.pt\/en\/product\/malha-larga\/","title":{"rendered":"Malha-larga"},"content":{"rendered":"<div class=\"xs_social_share_widget xs_share_url after_content \t\tmain_content  wslu-style-1 wslu-share-box-shaped wslu-fill-colored wslu-none wslu-share-horizontal wslu-theme-font-no wslu-main_content\">\n\n\t\t\n        <ul>\n\t\t\t        <\/ul>\n    <\/div>","protected":false},"excerpt":{"rendered":"<p>Esta camisola de malha <b data-path-to-node=\"0\" data-index-in-node=\"23\">oversized<\/b> \u00e9 a representa\u00e7\u00e3o m\u00e1xima do conforto aliado ao design contempor\u00e2neo, perfeita para quem procura uma pe\u00e7a envolvente com uma est\u00e9tica urbana e relaxada.<\/p>","protected":false},"featured_media":101271,"comment_status":"open","ping_status":"closed","template":"","meta":[],"product_cat":[165,67],"product_tag":[],"woo-feed-brand":[],"class_list":{"0":"post-101268","1":"product","2":"type-product","3":"status-publish","4":"has-post-thumbnail","6":"product_brand-eleh","7":"product_cat-malhas","8":"product_cat-outono-inverno-2025","10":"first","11":"instock","12":"sale","13":"taxable","14":"shipping-taxable","15":"purchasable","16":"product-type-simple"},"_links":{"self":[{"href":"https:\/\/mmurbancouture.pt\/en\/wp-json\/wp\/v2\/product\/101268","targetHints":{"allow":["GET"]}}],"collection":[{"href":"https:\/\/mmurbancouture.pt\/en\/wp-json\/wp\/v2\/product"}],"about":[{"href":"https:\/\/mmurbancouture.pt\/en\/wp-json\/wp\/v2\/types\/product"}],"replies":[{"embeddable":true,"href":"https:\/\/mmurbancouture.pt\/en\/wp-json\/wp\/v2\/comments?post=101268"}],"wp:featuredmedia":[{"embeddable":true,"href":"https:\/\/mmurbancouture.pt\/en\/wp-json\/wp\/v2\/media\/101271"}],"wp:attachment":[{"href":"https:\/\/mmurbancouture.pt\/en\/wp-json\/wp\/v2\/media?parent=101268"}],"wp:term":[{"taxonomy":"product_cat","embeddable":true,"href":"https:\/\/mmurbancouture.pt\/en\/wp-json\/wp\/v2\/product_cat?post=101268"},{"taxonomy":"product_tag","embeddable":true,"href":"https:\/\/mmurbancouture.pt\/en\/wp-json\/wp\/v2\/product_tag?post=101268"},{"taxonomy":"woo-feed-brand","embeddable":true,"href":"https:\/\/mmurbancouture.pt\/en\/wp-json\/wp\/v2\/woo-feed-brand?post=101268"}],"curies":[{"name":"wp","href":"https:\/\/api.w.org\/{rel}","templated":true}]}}