{"id":101260,"date":"2026-01-09T21:31:33","date_gmt":"2026-01-09T21:31:33","guid":{"rendered":"https:\/\/mmurbancouture.pt\/?post_type=product&#038;p=101260"},"modified":"2026-03-03T20:34:43","modified_gmt":"2026-03-03T20:34:43","slug":"malha","status":"publish","type":"product","link":"https:\/\/mmurbancouture.pt\/en\/product\/malha\/","title":{"rendered":"Malha"},"content":{"rendered":"<div class=\"xs_social_share_widget xs_share_url after_content \t\tmain_content  wslu-style-1 wslu-share-box-shaped wslu-fill-colored wslu-none wslu-share-horizontal wslu-theme-font-no wslu-main_content\">\n\n\t\t\n        <ul>\n\t\t\t        <\/ul>\n    <\/div>","protected":false},"excerpt":{"rendered":"<div class=\"ng-tns-c2678926967-106\">\n<section id=\"processing-state-14\" class=\"processing-state_container ng-tns-c2678926967-106 is-gpi-avatar ng-trigger ng-trigger-processingStateShowHide ng-star-inserted is-done-processing\">\n<div id=\"processing-state-14-summary\" class=\"processing-state_details ng-trigger ng-trigger-menuExpansion ng-tns-c2678926967-106 is-gpi-avatar ng-star-inserted\" aria-hidden=\"true\">\n<p>Esta camisola de malha fina \u00a0\u00e9 a pe\u00e7a essencial para quem procura um b\u00e1sico elevado, onde o conforto da malha se funde com um detalhe de design subtil mas impactante<\/p>\n<\/div>\n<\/section>\n<\/div>","protected":false},"featured_media":101267,"comment_status":"open","ping_status":"closed","template":"","meta":[],"product_cat":[165,67],"product_tag":[],"woo-feed-brand":[],"class_list":{"0":"post-101260","1":"product","2":"type-product","3":"status-publish","4":"has-post-thumbnail","6":"product_brand-eleh","7":"product_cat-malhas","8":"product_cat-outono-inverno-2025","10":"first","11":"instock","12":"sale","13":"taxable","14":"shipping-taxable","15":"purchasable","16":"product-type-variable"},"_links":{"self":[{"href":"https:\/\/mmurbancouture.pt\/en\/wp-json\/wp\/v2\/product\/101260","targetHints":{"allow":["GET"]}}],"collection":[{"href":"https:\/\/mmurbancouture.pt\/en\/wp-json\/wp\/v2\/product"}],"about":[{"href":"https:\/\/mmurbancouture.pt\/en\/wp-json\/wp\/v2\/types\/product"}],"replies":[{"embeddable":true,"href":"https:\/\/mmurbancouture.pt\/en\/wp-json\/wp\/v2\/comments?post=101260"}],"wp:featuredmedia":[{"embeddable":true,"href":"https:\/\/mmurbancouture.pt\/en\/wp-json\/wp\/v2\/media\/101267"}],"wp:attachment":[{"href":"https:\/\/mmurbancouture.pt\/en\/wp-json\/wp\/v2\/media?parent=101260"}],"wp:term":[{"taxonomy":"product_cat","embeddable":true,"href":"https:\/\/mmurbancouture.pt\/en\/wp-json\/wp\/v2\/product_cat?post=101260"},{"taxonomy":"product_tag","embeddable":true,"href":"https:\/\/mmurbancouture.pt\/en\/wp-json\/wp\/v2\/product_tag?post=101260"},{"taxonomy":"woo-feed-brand","embeddable":true,"href":"https:\/\/mmurbancouture.pt\/en\/wp-json\/wp\/v2\/woo-feed-brand?post=101260"}],"curies":[{"name":"wp","href":"https:\/\/api.w.org\/{rel}","templated":true}]}}