{"id":101200,"date":"2026-01-09T13:50:24","date_gmt":"2026-01-09T13:50:24","guid":{"rendered":"https:\/\/mmurbancouture.pt\/?post_type=product&#038;p=101200"},"modified":"2026-03-03T20:47:13","modified_gmt":"2026-03-03T20:47:13","slug":"vestido","status":"publish","type":"product","link":"https:\/\/mmurbancouture.pt\/en\/product\/vestido\/","title":{"rendered":"Vestido"},"content":{"rendered":"<div class=\"xs_social_share_widget xs_share_url after_content \t\tmain_content  wslu-style-1 wslu-share-box-shaped wslu-fill-colored wslu-none wslu-share-horizontal wslu-theme-font-no wslu-main_content\">\n\n\t\t\n        <ul>\n\t\t\t        <\/ul>\n    <\/div>","protected":false},"excerpt":{"rendered":"<div class=\"ng-tns-c2678926967-35\">\n<section id=\"processing-state-3\" class=\"processing-state_container ng-tns-c2678926967-35 is-gpi-avatar ng-trigger ng-trigger-processingStateShowHide ng-star-inserted is-done-processing\">\n<div id=\"processing-state-3-summary\" class=\"processing-state_details ng-trigger ng-trigger-menuExpansion ng-tns-c2678926967-35 is-gpi-avatar ng-star-inserted\" aria-hidden=\"true\">\n<p>Este vestido \u00e9 uma pe\u00e7a de design arrojado que funde o minimalismo geom\u00e9trico com um volume escultural, resultando numa silhueta <b data-path-to-node=\"0\" data-index-in-node=\"129\">avant-garde<\/b>\u00a0e profundamente moderna.<\/p>\n<\/div>\n<\/section>\n<\/div>","protected":false},"featured_media":101212,"comment_status":"open","ping_status":"closed","template":"","meta":[],"product_cat":[67,168],"product_tag":[],"woo-feed-brand":[],"class_list":{"0":"post-101200","1":"product","2":"type-product","3":"status-publish","4":"has-post-thumbnail","6":"product_brand-eleh","7":"product_cat-outono-inverno-2025","8":"product_cat-vestidos-e-saias","10":"first","11":"instock","12":"sale","13":"taxable","14":"shipping-taxable","15":"purchasable","16":"product-type-simple"},"_links":{"self":[{"href":"https:\/\/mmurbancouture.pt\/en\/wp-json\/wp\/v2\/product\/101200","targetHints":{"allow":["GET"]}}],"collection":[{"href":"https:\/\/mmurbancouture.pt\/en\/wp-json\/wp\/v2\/product"}],"about":[{"href":"https:\/\/mmurbancouture.pt\/en\/wp-json\/wp\/v2\/types\/product"}],"replies":[{"embeddable":true,"href":"https:\/\/mmurbancouture.pt\/en\/wp-json\/wp\/v2\/comments?post=101200"}],"wp:featuredmedia":[{"embeddable":true,"href":"https:\/\/mmurbancouture.pt\/en\/wp-json\/wp\/v2\/media\/101212"}],"wp:attachment":[{"href":"https:\/\/mmurbancouture.pt\/en\/wp-json\/wp\/v2\/media?parent=101200"}],"wp:term":[{"taxonomy":"product_cat","embeddable":true,"href":"https:\/\/mmurbancouture.pt\/en\/wp-json\/wp\/v2\/product_cat?post=101200"},{"taxonomy":"product_tag","embeddable":true,"href":"https:\/\/mmurbancouture.pt\/en\/wp-json\/wp\/v2\/product_tag?post=101200"},{"taxonomy":"woo-feed-brand","embeddable":true,"href":"https:\/\/mmurbancouture.pt\/en\/wp-json\/wp\/v2\/woo-feed-brand?post=101200"}],"curies":[{"name":"wp","href":"https:\/\/api.w.org\/{rel}","templated":true}]}}